{"id":7137,"date":"2024-06-17T18:43:58","date_gmt":"2024-06-17T16:43:58","guid":{"rendered":"https:\/\/laborest.com\/cookie-policy\/"},"modified":"2025-01-22T16:33:05","modified_gmt":"2025-01-22T15:33:05","slug":"politica-privind-modulele-cookie","status":"publish","type":"page","link":"https:\/\/laborest.com\/ro\/politica-privind-modulele-cookie\/","title":{"rendered":"Politica privind modulele cookie"},"content":{"rendered":"<p><b>1. Ce sunt modulele cookie?<\/b><\/p>\n<p>Modulele cookie sunt fi\u0219iere mici de date care sunt instalate pe dispozitivul utilizatorului de c\u0103tre site-uri internet \u00een diverse scopuri, cum ar fi permiterea utiliz\u0103rii, \u00een\u021belegerea obiceiurilor de navigare \u0219i \u00eembun\u0103t\u0103\u021birea experien\u021bei utilizatorului \u00een timpul vizitelor ulterioare.<\/p>\n<p><b>2. Ce tipuri de module cookie folosim?<\/b><\/p>\n<p>Tipurile de module cookie utilizate \u00een timpul navig\u0103rii prin Aplica\u021bie sunt detaliate mai jos:<\/p>\n<p><u>\u00cen func\u021bie de cine le administreaz\u0103:<\/u><\/p>\n<p>Prin intermediul Aplica\u021biei, utiliz\u0103m doar \u201eModule cookie proprii\u201d:<\/p>\n<ul>\n<li><strong>Module cookie proprii:<\/strong> trimise c\u0103tre dispozitivul utilizatorului de pe un computer sau domeniu gestionat de proprietarul site-ului internet \u0219i utilizate pentru a furniza serviciul solicitat de utilizator.<\/li>\n<li><strong>Module cookie apar\u021bin\u00e2nd unor ter\u021be p\u0103r\u021bi:<\/strong> trimise c\u0103tre dispozitivul utilizatorului de pe un computer sau domeniu care nu este gestionat de proprietarul site-ului internet ci de o alt\u0103 entitate care proceseaz\u0103 datele colectate prin modulele cookie.<\/li>\n<\/ul>\n<p>\u00cen func\u021bie de c\u00e2t timp r\u0103m\u00e2n active:<\/p>\n<ul>\n<li>Module cookie de sesiune: colecteaz\u0103 \u0219i stocheaz\u0103 date c\u00e2t timp utilizatorul acceseaz\u0103 site-ul internet.<\/li>\n<li>Module cookie persistente: colecteaz\u0103 \u0219i stocheaz\u0103 date pe dispozitiv; acestea sunt accesibile \u0219i procesate pe parcursul perioadei definite.<\/li>\n<\/ul>\n<p>\u00cen func\u021bie de scop:<\/p>\n<ul>\n<li>Modulele cookie tehnice: permit navigarea pe site-ul internet \u0219i utilizarea diverselor servicii oferite de acesta, cum ar fi raportarea referitoare la v\u00e2nz\u0103ri, interac\u021biunea cu Platforma \u0219i accesul la servicii \u00een conformitate cu caracteristicile predefinite.<\/li>\n<li>Module cookie analitice: utilizate pentru a \u00een\u021belege cum interac\u021bioneaz\u0103 vizitatorii cu site-ul internet. Aceste module cookie ofer\u0103 informa\u021bii metrice, cum ar fi num\u0103rul de vizitatori, rata de respingere, sursele de trafic etc.<\/li>\n<\/ul>\n<p>O list\u0103 a modulelor cookie specifice utilizate de Aplica\u021bie:<\/p>\n<table role=\"table\">\n<thead role=\"rowgroup\">\n<tr role=\"row\">\n<th>Cookie<\/th>\n<th>Scop<\/th>\n<th>Valabilitate<\/th>\n<th>Origine<\/th>\n<\/tr>\n<\/thead>\n<tbody role=\"rowgroup\">\n<tr role=\"row\">\n<td>Session module Cookie<\/td>\n<td>Identific\u0103 sesiunea utilizatorului, asigur\u00e2nd c\u0103 toate informa\u021biile raportate anterior pot fi recuperate atunci c\u00e2nd utilizatorul acceseaz\u0103 din nou aplica\u021bia.<\/td>\n<td>Expir\u0103 c\u00e2nd browserul este \u00eenchis sau la deconectare<\/td>\n<td>Module cookie proprii<\/td>\n<\/tr>\n<\/tbody>\n<\/table>\n<p><b>3. Cum sunt gestionate modulele cookie?<\/b><\/p>\n<p>Utilizatorii pot activa, bloca sau \u0219terge modulele cookie instalate acces\u00e2nd sec\u021biunea \u201eSet\u0103ri cookie\u201d.<\/p>\n<p>\u00cens\u0103 dezactivarea modulelor cookie poate afecta func\u021bionalitatea site-ului internet.<\/p>\n<p>Consulta\u021bi instruc\u021biunile \u0219i manualele dispozitivului pentru mai multe informa\u021bii. Dac\u0103 modulele cookie sunt blocate pe dispozitivul dumneavoastr\u0103, unele servicii sau func\u021bionalit\u0103\u021bi ale site-ului internet este posibil s\u0103 nu fie disponibile.<\/p>\n<p>Dac\u0103 sunt acceptate module cookie de pe site-ul internet \u0219i ulterior utilizatorii doresc s\u0103 \u0219tearg\u0103 aceste module cookie setate, se va consulta meniul \u201eajutor\u201d al browserului pentru instruc\u021biuni \u00een acest sens.<\/p>\n<p><b>4. Actualizarea politicii privind modulele cookie<\/b><\/p>\n<p>Dac\u0103 caracteristicile sau scopurile modulelor cookie utilizate pe site-ul internet sunt modificate, utilizatorii vor fi informa\u021bi cu privire la aceste modific\u0103ri pentru a ob\u021bine din nou consim\u021b\u0103m\u00e2ntul lor.<br \/>\n&nbsp;<\/p>\n","protected":false},"excerpt":{"rendered":"<p>1. Ce sunt modulele cookie? Modulele cookie sunt fi\u0219iere mici de date care sunt instalate pe dispozitivul utilizatorului de c\u0103tre site-uri internet \u00een diverse scopuri, cum ar fi permiterea utiliz\u0103rii, \u00een\u021belegerea obiceiurilor de navigare \u0219i \u00eembun\u0103t\u0103\u021birea experien\u021bei utilizatorului \u00een timpul vizitelor ulterioare. 2. Ce tipuri de module cookie folosim? Tipurile de module cookie utilizate \u00een timpul navig\u0103rii prin Aplica\u021bie sunt detaliate mai jos: \u00cen func\u021bie de cine le administreaz\u0103: Prin intermediul Aplica\u021biei, utiliz\u0103m doar \u201eModule cookie proprii\u201d: Module cookie proprii: trimise c\u0103tre dispozitivul utilizatorului de pe un computer sau domeniu gestionat de proprietarul site-ului internet \u0219i utilizate pentru a furniza serviciul solicitat de utilizator. Module cookie apar\u021bin\u00e2nd unor ter\u021be p\u0103r\u021bi: trimise c\u0103tre dispozitivul utilizatorului de pe un computer sau domeniu care nu este gestionat de proprietarul site-ului internet ci de o alt\u0103 entitate care proceseaz\u0103 datele colectate prin modulele cookie. \u00cen func\u021bie de c\u00e2t timp r\u0103m\u00e2n active: Module cookie de sesiune: colecteaz\u0103 \u0219i stocheaz\u0103 date c\u00e2t timp utilizatorul acceseaz\u0103 site-ul internet. Module cookie persistente: colecteaz\u0103 \u0219i stocheaz\u0103 date pe dispozitiv; acestea sunt accesibile \u0219i procesate pe parcursul perioadei definite. \u00cen func\u021bie de scop: Modulele cookie tehnice: permit navigarea pe site-ul internet \u0219i utilizarea diverselor servicii oferite de acesta, cum ar fi raportarea referitoare la v\u00e2nz\u0103ri, interac\u021biunea cu Platforma \u0219i accesul la servicii \u00een conformitate cu caracteristicile predefinite. Module cookie analitice: utilizate pentru a \u00een\u021belege cum interac\u021bioneaz\u0103 vizitatorii cu site-ul internet. Aceste module cookie ofer\u0103 informa\u021bii metrice, cum ar fi num\u0103rul de vizitatori, rata de respingere, sursele de trafic etc. O list\u0103 a modulelor cookie specifice utilizate de Aplica\u021bie: Cookie Scop Valabilitate Origine Session module Cookie Identific\u0103 sesiunea utilizatorului, asigur\u00e2nd c\u0103 toate informa\u021biile raportate anterior pot fi recuperate atunci c\u00e2nd utilizatorul acceseaz\u0103 din nou aplica\u021bia. Expir\u0103 c\u00e2nd browserul este \u00eenchis sau la deconectare Module cookie proprii 3. Cum sunt gestionate modulele cookie? Utilizatorii pot activa, bloca sau \u0219terge modulele cookie instalate acces\u00e2nd sec\u021biunea \u201eSet\u0103ri cookie\u201d. \u00cens\u0103 dezactivarea modulelor cookie poate afecta func\u021bionalitatea site-ului internet. Consulta\u021bi instruc\u021biunile \u0219i manualele dispozitivului pentru mai multe informa\u021bii. Dac\u0103 modulele cookie sunt blocate pe dispozitivul dumneavoastr\u0103, unele servicii sau func\u021bionalit\u0103\u021bi ale site-ului internet este posibil s\u0103 nu fie disponibile. Dac\u0103 sunt acceptate module cookie de pe site-ul internet \u0219i ulterior utilizatorii doresc s\u0103 \u0219tearg\u0103 aceste module cookie setate, se va consulta meniul \u201eajutor\u201d al browserului pentru instruc\u021biuni \u00een acest sens. 4. Actualizarea politicii privind modulele cookie Dac\u0103 caracteristicile sau scopurile modulelor cookie utilizate pe site-ul internet sunt modificate, utilizatorii vor fi informa\u021bi cu privire la aceste modific\u0103ri pentru a ob\u021bine din nou consim\u021b\u0103m\u00e2ntul lor. &nbsp;<\/p>\n","protected":false},"author":1,"featured_media":0,"parent":0,"menu_order":0,"comment_status":"closed","ping_status":"closed","template":"","meta":{"_acf_changed":false,"footnotes":""},"class_list":["post-7137","page","type-page","status-publish","hentry"],"acf":[],"yoast_head":"<!-- This site is optimized with the Yoast SEO plugin v27.1 - https:\/\/yoast.com\/product\/yoast-seo-wordpress\/ -->\n<title>Politica privind modulele cookie - Laborest<\/title>\n<meta name=\"robots\" content=\"index, follow, max-snippet:-1, max-image-preview:large, max-video-preview:-1\" \/>\n<link rel=\"canonical\" href=\"https:\/\/laborest.com\/ro\/politica-privind-modulele-cookie\/\" \/>\n<meta property=\"og:locale\" content=\"ro_RO\" \/>\n<meta property=\"og:type\" content=\"article\" \/>\n<meta property=\"og:title\" content=\"Politica privind modulele cookie - Laborest\" \/>\n<meta property=\"og:description\" content=\"1. Ce sunt modulele cookie? Modulele cookie sunt fi\u0219iere mici de date care sunt instalate pe dispozitivul utilizatorului de c\u0103tre site-uri internet \u00een diverse scopuri, cum ar fi permiterea utiliz\u0103rii, \u00een\u021belegerea obiceiurilor de navigare \u0219i \u00eembun\u0103t\u0103\u021birea experien\u021bei utilizatorului \u00een timpul vizitelor ulterioare. 2. Ce tipuri de module cookie folosim? Tipurile de module cookie utilizate \u00een timpul navig\u0103rii prin Aplica\u021bie sunt detaliate mai jos: \u00cen func\u021bie de cine le administreaz\u0103: Prin intermediul Aplica\u021biei, utiliz\u0103m doar \u201eModule cookie proprii\u201d: Module cookie proprii: trimise c\u0103tre dispozitivul utilizatorului de pe un computer sau domeniu gestionat de proprietarul site-ului internet \u0219i utilizate pentru a furniza serviciul solicitat de utilizator. Module cookie apar\u021bin\u00e2nd unor ter\u021be p\u0103r\u021bi: trimise c\u0103tre dispozitivul utilizatorului de pe un computer sau domeniu care nu este gestionat de proprietarul site-ului internet ci de o alt\u0103 entitate care proceseaz\u0103 datele colectate prin modulele cookie. \u00cen func\u021bie de c\u00e2t timp r\u0103m\u00e2n active: Module cookie de sesiune: colecteaz\u0103 \u0219i stocheaz\u0103 date c\u00e2t timp utilizatorul acceseaz\u0103 site-ul internet. Module cookie persistente: colecteaz\u0103 \u0219i stocheaz\u0103 date pe dispozitiv; acestea sunt accesibile \u0219i procesate pe parcursul perioadei definite. \u00cen func\u021bie de scop: Modulele cookie tehnice: permit navigarea pe site-ul internet \u0219i utilizarea diverselor servicii oferite de acesta, cum ar fi raportarea referitoare la v\u00e2nz\u0103ri, interac\u021biunea cu Platforma \u0219i accesul la servicii \u00een conformitate cu caracteristicile predefinite. Module cookie analitice: utilizate pentru a \u00een\u021belege cum interac\u021bioneaz\u0103 vizitatorii cu site-ul internet. Aceste module cookie ofer\u0103 informa\u021bii metrice, cum ar fi num\u0103rul de vizitatori, rata de respingere, sursele de trafic etc. O list\u0103 a modulelor cookie specifice utilizate de Aplica\u021bie: Cookie Scop Valabilitate Origine Session module Cookie Identific\u0103 sesiunea utilizatorului, asigur\u00e2nd c\u0103 toate informa\u021biile raportate anterior pot fi recuperate atunci c\u00e2nd utilizatorul acceseaz\u0103 din nou aplica\u021bia. Expir\u0103 c\u00e2nd browserul este \u00eenchis sau la deconectare Module cookie proprii 3. Cum sunt gestionate modulele cookie? Utilizatorii pot activa, bloca sau \u0219terge modulele cookie instalate acces\u00e2nd sec\u021biunea \u201eSet\u0103ri cookie\u201d. \u00cens\u0103 dezactivarea modulelor cookie poate afecta func\u021bionalitatea site-ului internet. Consulta\u021bi instruc\u021biunile \u0219i manualele dispozitivului pentru mai multe informa\u021bii. Dac\u0103 modulele cookie sunt blocate pe dispozitivul dumneavoastr\u0103, unele servicii sau func\u021bionalit\u0103\u021bi ale site-ului internet este posibil s\u0103 nu fie disponibile. Dac\u0103 sunt acceptate module cookie de pe site-ul internet \u0219i ulterior utilizatorii doresc s\u0103 \u0219tearg\u0103 aceste module cookie setate, se va consulta meniul \u201eajutor\u201d al browserului pentru instruc\u021biuni \u00een acest sens. 4. Actualizarea politicii privind modulele cookie Dac\u0103 caracteristicile sau scopurile modulelor cookie utilizate pe site-ul internet sunt modificate, utilizatorii vor fi informa\u021bi cu privire la aceste modific\u0103ri pentru a ob\u021bine din nou consim\u021b\u0103m\u00e2ntul lor. &nbsp;\" \/>\n<meta property=\"og:url\" content=\"https:\/\/laborest.com\/ro\/politica-privind-modulele-cookie\/\" \/>\n<meta property=\"og:site_name\" content=\"Laborest\" \/>\n<meta property=\"article:publisher\" content=\"https:\/\/www.facebook.com\/LaborestItalia\/\" \/>\n<meta property=\"article:modified_time\" content=\"2025-01-22T15:33:05+00:00\" \/>\n<meta name=\"twitter:card\" content=\"summary_large_image\" \/>\n<meta name=\"twitter:label1\" content=\"Timp estimat pentru citire\" \/>\n\t<meta name=\"twitter:data1\" content=\"2 minute\" \/>\n<script type=\"application\/ld+json\" class=\"yoast-schema-graph\">{\"@context\":\"https:\/\/schema.org\",\"@graph\":[{\"@type\":\"WebPage\",\"@id\":\"https:\/\/laborest.com\/ro\/politica-privind-modulele-cookie\/\",\"url\":\"https:\/\/laborest.com\/ro\/politica-privind-modulele-cookie\/\",\"name\":\"Politica privind modulele cookie - Laborest\",\"isPartOf\":{\"@id\":\"https:\/\/laborest.com\/ro\/#website\"},\"datePublished\":\"2024-06-17T16:43:58+00:00\",\"dateModified\":\"2025-01-22T15:33:05+00:00\",\"breadcrumb\":{\"@id\":\"https:\/\/laborest.com\/ro\/politica-privind-modulele-cookie\/#breadcrumb\"},\"inLanguage\":\"ro-RO\",\"potentialAction\":[{\"@type\":\"ReadAction\",\"target\":[\"https:\/\/laborest.com\/ro\/politica-privind-modulele-cookie\/\"]}]},{\"@type\":\"BreadcrumbList\",\"@id\":\"https:\/\/laborest.com\/ro\/politica-privind-modulele-cookie\/#breadcrumb\",\"itemListElement\":[{\"@type\":\"ListItem\",\"position\":1,\"name\":\"Portada\",\"item\":\"https:\/\/laborest.com\/ro\/\"},{\"@type\":\"ListItem\",\"position\":2,\"name\":\"Politica privind modulele cookie\"}]},{\"@type\":\"WebSite\",\"@id\":\"https:\/\/laborest.com\/ro\/#website\",\"url\":\"https:\/\/laborest.com\/ro\/\",\"name\":\"Laborest\",\"description\":\"\",\"publisher\":{\"@id\":\"https:\/\/laborest.com\/ro\/#organization\"},\"potentialAction\":[{\"@type\":\"SearchAction\",\"target\":{\"@type\":\"EntryPoint\",\"urlTemplate\":\"https:\/\/laborest.com\/ro\/?s={search_term_string}\"},\"query-input\":{\"@type\":\"PropertyValueSpecification\",\"valueRequired\":true,\"valueName\":\"search_term_string\"}}],\"inLanguage\":\"ro-RO\"},{\"@type\":\"Organization\",\"@id\":\"https:\/\/laborest.com\/ro\/#organization\",\"name\":\"Laborest\",\"url\":\"https:\/\/laborest.com\/ro\/\",\"logo\":{\"@type\":\"ImageObject\",\"inLanguage\":\"ro-RO\",\"@id\":\"https:\/\/laborest.com\/ro\/#\/schema\/logo\/image\/\",\"url\":\"https:\/\/laborest.com\/wp-content\/uploads\/2024\/04\/logo.svg\",\"contentUrl\":\"https:\/\/laborest.com\/wp-content\/uploads\/2024\/04\/logo.svg\",\"width\":260,\"height\":49,\"caption\":\"Laborest\"},\"image\":{\"@id\":\"https:\/\/laborest.com\/ro\/#\/schema\/logo\/image\/\"},\"sameAs\":[\"https:\/\/www.facebook.com\/LaborestItalia\/\",\"https:\/\/it.linkedin.com\/showcase\/laborest-italia-spa\/\"]}]}<\/script>\n<!-- \/ Yoast SEO plugin. -->","yoast_head_json":{"title":"Politica privind modulele cookie - Laborest","robots":{"index":"index","follow":"follow","max-snippet":"max-snippet:-1","max-image-preview":"max-image-preview:large","max-video-preview":"max-video-preview:-1"},"canonical":"https:\/\/laborest.com\/ro\/politica-privind-modulele-cookie\/","og_locale":"ro_RO","og_type":"article","og_title":"Politica privind modulele cookie - Laborest","og_description":"1. Ce sunt modulele cookie? Modulele cookie sunt fi\u0219iere mici de date care sunt instalate pe dispozitivul utilizatorului de c\u0103tre site-uri internet \u00een diverse scopuri, cum ar fi permiterea utiliz\u0103rii, \u00een\u021belegerea obiceiurilor de navigare \u0219i \u00eembun\u0103t\u0103\u021birea experien\u021bei utilizatorului \u00een timpul vizitelor ulterioare. 2. Ce tipuri de module cookie folosim? Tipurile de module cookie utilizate \u00een timpul navig\u0103rii prin Aplica\u021bie sunt detaliate mai jos: \u00cen func\u021bie de cine le administreaz\u0103: Prin intermediul Aplica\u021biei, utiliz\u0103m doar \u201eModule cookie proprii\u201d: Module cookie proprii: trimise c\u0103tre dispozitivul utilizatorului de pe un computer sau domeniu gestionat de proprietarul site-ului internet \u0219i utilizate pentru a furniza serviciul solicitat de utilizator. Module cookie apar\u021bin\u00e2nd unor ter\u021be p\u0103r\u021bi: trimise c\u0103tre dispozitivul utilizatorului de pe un computer sau domeniu care nu este gestionat de proprietarul site-ului internet ci de o alt\u0103 entitate care proceseaz\u0103 datele colectate prin modulele cookie. \u00cen func\u021bie de c\u00e2t timp r\u0103m\u00e2n active: Module cookie de sesiune: colecteaz\u0103 \u0219i stocheaz\u0103 date c\u00e2t timp utilizatorul acceseaz\u0103 site-ul internet. Module cookie persistente: colecteaz\u0103 \u0219i stocheaz\u0103 date pe dispozitiv; acestea sunt accesibile \u0219i procesate pe parcursul perioadei definite. \u00cen func\u021bie de scop: Modulele cookie tehnice: permit navigarea pe site-ul internet \u0219i utilizarea diverselor servicii oferite de acesta, cum ar fi raportarea referitoare la v\u00e2nz\u0103ri, interac\u021biunea cu Platforma \u0219i accesul la servicii \u00een conformitate cu caracteristicile predefinite. Module cookie analitice: utilizate pentru a \u00een\u021belege cum interac\u021bioneaz\u0103 vizitatorii cu site-ul internet. Aceste module cookie ofer\u0103 informa\u021bii metrice, cum ar fi num\u0103rul de vizitatori, rata de respingere, sursele de trafic etc. O list\u0103 a modulelor cookie specifice utilizate de Aplica\u021bie: Cookie Scop Valabilitate Origine Session module Cookie Identific\u0103 sesiunea utilizatorului, asigur\u00e2nd c\u0103 toate informa\u021biile raportate anterior pot fi recuperate atunci c\u00e2nd utilizatorul acceseaz\u0103 din nou aplica\u021bia. Expir\u0103 c\u00e2nd browserul este \u00eenchis sau la deconectare Module cookie proprii 3. Cum sunt gestionate modulele cookie? Utilizatorii pot activa, bloca sau \u0219terge modulele cookie instalate acces\u00e2nd sec\u021biunea \u201eSet\u0103ri cookie\u201d. \u00cens\u0103 dezactivarea modulelor cookie poate afecta func\u021bionalitatea site-ului internet. Consulta\u021bi instruc\u021biunile \u0219i manualele dispozitivului pentru mai multe informa\u021bii. Dac\u0103 modulele cookie sunt blocate pe dispozitivul dumneavoastr\u0103, unele servicii sau func\u021bionalit\u0103\u021bi ale site-ului internet este posibil s\u0103 nu fie disponibile. Dac\u0103 sunt acceptate module cookie de pe site-ul internet \u0219i ulterior utilizatorii doresc s\u0103 \u0219tearg\u0103 aceste module cookie setate, se va consulta meniul \u201eajutor\u201d al browserului pentru instruc\u021biuni \u00een acest sens. 4. Actualizarea politicii privind modulele cookie Dac\u0103 caracteristicile sau scopurile modulelor cookie utilizate pe site-ul internet sunt modificate, utilizatorii vor fi informa\u021bi cu privire la aceste modific\u0103ri pentru a ob\u021bine din nou consim\u021b\u0103m\u00e2ntul lor. &nbsp;","og_url":"https:\/\/laborest.com\/ro\/politica-privind-modulele-cookie\/","og_site_name":"Laborest","article_publisher":"https:\/\/www.facebook.com\/LaborestItalia\/","article_modified_time":"2025-01-22T15:33:05+00:00","twitter_card":"summary_large_image","twitter_misc":{"Timp estimat pentru citire":"2 minute"},"schema":{"@context":"https:\/\/schema.org","@graph":[{"@type":"WebPage","@id":"https:\/\/laborest.com\/ro\/politica-privind-modulele-cookie\/","url":"https:\/\/laborest.com\/ro\/politica-privind-modulele-cookie\/","name":"Politica privind modulele cookie - Laborest","isPartOf":{"@id":"https:\/\/laborest.com\/ro\/#website"},"datePublished":"2024-06-17T16:43:58+00:00","dateModified":"2025-01-22T15:33:05+00:00","breadcrumb":{"@id":"https:\/\/laborest.com\/ro\/politica-privind-modulele-cookie\/#breadcrumb"},"inLanguage":"ro-RO","potentialAction":[{"@type":"ReadAction","target":["https:\/\/laborest.com\/ro\/politica-privind-modulele-cookie\/"]}]},{"@type":"BreadcrumbList","@id":"https:\/\/laborest.com\/ro\/politica-privind-modulele-cookie\/#breadcrumb","itemListElement":[{"@type":"ListItem","position":1,"name":"Portada","item":"https:\/\/laborest.com\/ro\/"},{"@type":"ListItem","position":2,"name":"Politica privind modulele cookie"}]},{"@type":"WebSite","@id":"https:\/\/laborest.com\/ro\/#website","url":"https:\/\/laborest.com\/ro\/","name":"Laborest","description":"","publisher":{"@id":"https:\/\/laborest.com\/ro\/#organization"},"potentialAction":[{"@type":"SearchAction","target":{"@type":"EntryPoint","urlTemplate":"https:\/\/laborest.com\/ro\/?s={search_term_string}"},"query-input":{"@type":"PropertyValueSpecification","valueRequired":true,"valueName":"search_term_string"}}],"inLanguage":"ro-RO"},{"@type":"Organization","@id":"https:\/\/laborest.com\/ro\/#organization","name":"Laborest","url":"https:\/\/laborest.com\/ro\/","logo":{"@type":"ImageObject","inLanguage":"ro-RO","@id":"https:\/\/laborest.com\/ro\/#\/schema\/logo\/image\/","url":"https:\/\/laborest.com\/wp-content\/uploads\/2024\/04\/logo.svg","contentUrl":"https:\/\/laborest.com\/wp-content\/uploads\/2024\/04\/logo.svg","width":260,"height":49,"caption":"Laborest"},"image":{"@id":"https:\/\/laborest.com\/ro\/#\/schema\/logo\/image\/"},"sameAs":["https:\/\/www.facebook.com\/LaborestItalia\/","https:\/\/it.linkedin.com\/showcase\/laborest-italia-spa\/"]}]}},"_links":{"self":[{"href":"https:\/\/laborest.com\/ro\/wp-json\/wp\/v2\/pages\/7137","targetHints":{"allow":["GET"]}}],"collection":[{"href":"https:\/\/laborest.com\/ro\/wp-json\/wp\/v2\/pages"}],"about":[{"href":"https:\/\/laborest.com\/ro\/wp-json\/wp\/v2\/types\/page"}],"author":[{"embeddable":true,"href":"https:\/\/laborest.com\/ro\/wp-json\/wp\/v2\/users\/1"}],"replies":[{"embeddable":true,"href":"https:\/\/laborest.com\/ro\/wp-json\/wp\/v2\/comments?post=7137"}],"version-history":[{"count":3,"href":"https:\/\/laborest.com\/ro\/wp-json\/wp\/v2\/pages\/7137\/revisions"}],"predecessor-version":[{"id":7140,"href":"https:\/\/laborest.com\/ro\/wp-json\/wp\/v2\/pages\/7137\/revisions\/7140"}],"wp:attachment":[{"href":"https:\/\/laborest.com\/ro\/wp-json\/wp\/v2\/media?parent=7137"}],"curies":[{"name":"wp","href":"https:\/\/api.w.org\/{rel}","templated":true}]}}