{"id":3919,"date":"2024-06-14T12:29:45","date_gmt":"2024-06-14T10:29:45","guid":{"rendered":"https:\/\/laborest.site\/contatti\/"},"modified":"2025-07-22T15:30:22","modified_gmt":"2025-07-22T13:30:22","slug":"contacto","status":"publish","type":"page","link":"https:\/\/laborest.com\/es\/contacto\/","title":{"rendered":"Contacto"},"content":{"rendered":"\t\t<div data-elementor-type=\"wp-post\" data-elementor-id=\"3919\" class=\"elementor elementor-3919 elementor-2882\" data-elementor-post-type=\"page\">\n\t\t\t\t<div class=\"elementor-element elementor-element-e7dcceb e-flex e-con-boxed wpr-particle-no wpr-jarallax-no wpr-parallax-no wpr-sticky-section-no elementor-invisible e-con e-parent\" data-id=\"e7dcceb\" data-element_type=\"container\" data-e-type=\"container\" data-settings=\"{&quot;animation&quot;:&quot;fadeIn&quot;,&quot;background_background&quot;:&quot;classic&quot;}\">\n\t\t\t\t\t<div class=\"e-con-inner\">\n\t\t\t\t<div class=\"elementor-element elementor-element-768404f elementor-widget elementor-widget-heading\" data-id=\"768404f\" data-element_type=\"widget\" data-e-type=\"widget\" data-settings=\"{&quot;_animation&quot;:&quot;none&quot;}\" data-widget_type=\"heading.default\">\n\t\t\t\t<div class=\"elementor-widget-container\">\n\t\t\t\t\t<h1 class=\"elementor-heading-title elementor-size-default\">Contactar<\/h1>\t\t\t\t<\/div>\n\t\t\t\t<\/div>\n\t\t\t\t<div class=\"elementor-element elementor-element-b96da32 elementor-widget__width-initial elementor-widget elementor-widget-text-editor\" data-id=\"b96da32\" data-element_type=\"widget\" data-e-type=\"widget\" data-widget_type=\"text-editor.default\">\n\t\t\t\t<div class=\"elementor-widget-container\">\n\t\t\t\t\t\t\t\t\t<p class=\"p1\">D\u00e9janos un mensaje a trav\u00e9s de nuestro formulario de contacto<\/p>\t\t\t\t\t\t\t\t<\/div>\n\t\t\t\t<\/div>\n\t\t\t\t\t<\/div>\n\t\t\t\t<\/div>\n\t\t<div class=\"elementor-element elementor-element-8e44980 e-flex e-con-boxed wpr-particle-no wpr-jarallax-no wpr-parallax-no wpr-sticky-section-no e-con e-parent\" data-id=\"8e44980\" data-element_type=\"container\" data-e-type=\"container\">\n\t\t\t\t\t<div class=\"e-con-inner\">\n\t\t\t\t<div class=\"elementor-element elementor-element-5099e23 elementor-widget elementor-widget-heading\" data-id=\"5099e23\" data-element_type=\"widget\" data-e-type=\"widget\" data-widget_type=\"heading.default\">\n\t\t\t\t<div class=\"elementor-widget-container\">\n\t\t\t\t\t<h2 class=\"elementor-heading-title elementor-size-default\">Formulario de contacto<\/h2>\t\t\t\t<\/div>\n\t\t\t\t<\/div>\n\t\t\t\t<div class=\"elementor-element elementor-element-adaece7 elementor-widget elementor-widget-text-editor\" data-id=\"adaece7\" data-element_type=\"widget\" data-e-type=\"widget\" data-widget_type=\"text-editor.default\">\n\t\t\t\t<div class=\"elementor-widget-container\">\n\t\t\t\t\t\t\t\t\t<p>Para solicitar informaci\u00f3n a Uriach, rellene este formulario de contacto. Los campos marcados con * son obligatorios.<\/p>\t\t\t\t\t\t\t\t<\/div>\n\t\t\t\t<\/div>\n\t\t\t\t<div class=\"elementor-element elementor-element-25793be f_contacto elementor-widget elementor-widget-shortcode\" data-id=\"25793be\" data-element_type=\"widget\" data-e-type=\"widget\" data-widget_type=\"shortcode.default\">\n\t\t\t\t<div class=\"elementor-widget-container\">\n\t\t\t\t\t\t\t<div class=\"elementor-shortcode\">\n<div class=\"wpcf7 no-js\" id=\"wpcf7-f3701-o1\" lang=\"es-ES\" dir=\"ltr\" data-wpcf7-id=\"3701\">\n<div class=\"screen-reader-response\"><p role=\"status\" aria-live=\"polite\" aria-atomic=\"true\"><\/p> <ul><\/ul><\/div>\n<form action=\"\/es\/wp-json\/wp\/v2\/pages\/3919#wpcf7-f3701-o1\" method=\"post\" class=\"wpcf7-form init\" aria-label=\"Formulario de contacto\" novalidate=\"novalidate\" data-status=\"init\">\n<fieldset class=\"hidden-fields-container\"><input type=\"hidden\" name=\"_wpcf7\" value=\"3701\" \/><input type=\"hidden\" name=\"_wpcf7_version\" value=\"6.1.5\" \/><input type=\"hidden\" name=\"_wpcf7_locale\" value=\"es_ES\" \/><input type=\"hidden\" name=\"_wpcf7_unit_tag\" value=\"wpcf7-f3701-o1\" \/><input type=\"hidden\" name=\"_wpcf7_container_post\" value=\"0\" \/><input type=\"hidden\" name=\"_wpcf7_posted_data_hash\" value=\"\" \/><input type=\"hidden\" name=\"_wpcf7cf_hidden_group_fields\" value=\"[]\" \/><input type=\"hidden\" name=\"_wpcf7cf_hidden_groups\" value=\"[]\" \/><input type=\"hidden\" name=\"_wpcf7cf_visible_groups\" value=\"[]\" \/><input type=\"hidden\" name=\"_wpcf7cf_repeaters\" value=\"[]\" \/><input type=\"hidden\" name=\"_wpcf7cf_steps\" value=\"{}\" \/><input type=\"hidden\" name=\"_wpcf7cf_options\" value=\"{&quot;form_id&quot;:3701,&quot;conditions&quot;:[],&quot;settings&quot;:{&quot;animation&quot;:&quot;yes&quot;,&quot;animation_intime&quot;:200,&quot;animation_outtime&quot;:200,&quot;conditions_ui&quot;:&quot;normal&quot;,&quot;notice_dismissed&quot;:false,&quot;notice_dismissed_rollback-cf7-5.9.5&quot;:true,&quot;notice_dismissed_rollback-cf7-5.9.6&quot;:true}}\" \/>\n<\/fieldset>\n<div class=\"wpcf7-turnstile cf-turnstile\" data-sitekey=\"0x4AAAAAACAxAkM94COeruVx\" data-response-field-name=\"_wpcf7_turnstile_response\"><\/div>\n\n<p><span class=\"wpcf7-form-control-wrap\" data-name=\"nombre\"><input size=\"40\" maxlength=\"400\" class=\"wpcf7-form-control wpcf7-text wpcf7-validates-as-required\" aria-required=\"true\" aria-invalid=\"false\" placeholder=\"Nombre y apellidos *\" value=\"\" type=\"text\" name=\"nombre\" \/><\/span><span class=\"wpcf7-form-control-wrap\" data-name=\"email\"><input size=\"40\" maxlength=\"400\" class=\"wpcf7-form-control wpcf7-email wpcf7-validates-as-required wpcf7-text wpcf7-validates-as-email\" aria-required=\"true\" aria-invalid=\"false\" placeholder=\"Email *\" value=\"\" type=\"email\" name=\"email\" \/><\/span><span class=\"wpcf7-form-control-wrap\" data-name=\"tel\"><input size=\"40\" maxlength=\"400\" class=\"wpcf7-form-control wpcf7-text wpcf7-validates-as-required\" aria-required=\"true\" aria-invalid=\"false\" placeholder=\"Tel\u00e9fono *\" value=\"\" type=\"text\" name=\"tel\" \/><\/span><span class=\"wpcf7-form-control-wrap\" data-name=\"centro\"><input size=\"40\" maxlength=\"400\" class=\"wpcf7-form-control wpcf7-text wpcf7-validates-as-required\" aria-required=\"true\" aria-invalid=\"false\" placeholder=\"Centro de trabajo *\" value=\"\" type=\"text\" name=\"centro\" \/><\/span><span class=\"wpcf7-form-control-wrap\" data-name=\"localidad\"><input size=\"40\" maxlength=\"400\" class=\"wpcf7-form-control wpcf7-text wpcf7-validates-as-required\" aria-required=\"true\" aria-invalid=\"false\" placeholder=\"Localidad *\" value=\"\" type=\"text\" name=\"localidad\" \/><\/span><span class=\"wpcf7-form-control-wrap\" data-name=\"motivo\"><select class=\"wpcf7-form-control wpcf7-select wpcf7-validates-as-required\" aria-required=\"true\" aria-invalid=\"false\" name=\"motivo\"><option value=\"\">Motivo de la solicitud *<\/option><option value=\"Solicitud de informaci\u00f3n sobre Laborest\">Solicitud de informaci\u00f3n sobre Laborest<\/option><option value=\"Solicitud de informaci\u00f3n del producto\">Solicitud de informaci\u00f3n del producto<\/option><\/select><\/span><br \/>\n<span class=\"wpcf7-form-control-wrap\" data-name=\"mensaje\"><textarea cols=\"40\" rows=\"5\" maxlength=\"2000\" class=\"wpcf7-form-control wpcf7-textarea wpcf7-validates-as-required\" aria-required=\"true\" aria-invalid=\"false\" placeholder=\"Mensaje *\" name=\"mensaje\"><\/textarea><\/span><br \/>\n<span class=\"wpcf7-form-control-wrap\" data-name=\"acepta\"><span class=\"wpcf7-form-control wpcf7-checkbox wpcf7-validates-as-required wpcf7-exclusive-checkbox\"><span class=\"wpcf7-list-item first last\"><label><input type=\"checkbox\" name=\"acepta\" value=\"Declaro que he le\u00eddo y comprendido la informaci\u00f3n sobre el tratamiento de mis datos personales *.\" \/><span class=\"wpcf7-list-item-label\">Declaro que he le\u00eddo y comprendido la informaci\u00f3n sobre el tratamiento de mis datos personales *.<\/span><\/label><\/span><\/span><\/span><br \/>\n<span class=\"wpcf7-form-control-wrap\" data-name=\"newsletter\"><span class=\"wpcf7-form-control wpcf7-checkbox wpcf7-exclusive-checkbox\"><span class=\"wpcf7-list-item first last\"><label><input type=\"checkbox\" name=\"newsletter\" value=\"Consiento el tratamiento de mis datos personales para el env\u00edo de comunicaciones comerciales sobre productos y servicios, v\u00eda e-mail, sms, mms, fax o similar y\/o a trav\u00e9s del servicio postal o llamadas telef\u00f3nicas con un operador.\" \/><span class=\"wpcf7-list-item-label\">Consiento el tratamiento de mis datos personales para el env\u00edo de comunicaciones comerciales sobre productos y servicios, v\u00eda e-mail, sms, mms, fax o similar y\/o a trav\u00e9s del servicio postal o llamadas telef\u00f3nicas con un operador.<\/span><\/label><\/span><\/span><\/span><br \/>\n<input class=\"wpcf7-form-control wpcf7-submit has-spinner\" type=\"submit\" value=\"ENVIAR\" \/>\n<\/p><div class=\"wpcf7-response-output\" aria-hidden=\"true\"><\/div>\n<\/form>\n<\/div>\n<\/div>\n\t\t\t\t\t\t<\/div>\n\t\t\t\t<\/div>\n\t\t\t\t\t<\/div>\n\t\t\t\t<\/div>\n\t\t\t\t<\/div>\n\t\t","protected":false},"excerpt":{"rendered":"<p>Contactar D\u00e9janos un mensaje a trav\u00e9s de nuestro formulario de contacto Formulario de contacto Para solicitar informaci\u00f3n a Uriach, rellene este formulario de contacto. Los campos marcados con * son obligatorios.<\/p>\n","protected":false},"author":1,"featured_media":0,"parent":0,"menu_order":0,"comment_status":"closed","ping_status":"closed","template":"","meta":{"_acf_changed":false,"footnotes":""},"class_list":["post-3919","page","type-page","status-publish","hentry"],"acf":[],"yoast_head":"<!-- This site is optimized with the Yoast SEO plugin v27.1 - https:\/\/yoast.com\/product\/yoast-seo-wordpress\/ -->\n<title>Contacto - Laborest<\/title>\n<meta name=\"description\" content=\"D\u00e9janos un mensaje a trav\u00e9s de nuestro formulario de contacto.\" \/>\n<meta name=\"robots\" content=\"index, follow, max-snippet:-1, max-image-preview:large, max-video-preview:-1\" \/>\n<link rel=\"canonical\" href=\"https:\/\/laborest.com\/es\/contacto\/\" \/>\n<meta property=\"og:locale\" content=\"es_ES\" \/>\n<meta property=\"og:type\" content=\"article\" \/>\n<meta property=\"og:title\" content=\"Contacto - Laborest\" \/>\n<meta property=\"og:description\" content=\"D\u00e9janos un mensaje a trav\u00e9s de nuestro formulario de contacto.\" \/>\n<meta property=\"og:url\" content=\"https:\/\/laborest.com\/es\/contacto\/\" \/>\n<meta property=\"og:site_name\" content=\"Laborest\" \/>\n<meta property=\"article:publisher\" content=\"https:\/\/www.facebook.com\/LaborestItalia\/\" \/>\n<meta property=\"article:modified_time\" content=\"2025-07-22T13:30:22+00:00\" \/>\n<meta name=\"twitter:card\" content=\"summary_large_image\" \/>\n<meta name=\"twitter:label1\" content=\"Tiempo de lectura\" \/>\n\t<meta name=\"twitter:data1\" content=\"1 minuto\" \/>\n<script type=\"application\/ld+json\" class=\"yoast-schema-graph\">{\"@context\":\"https:\/\/schema.org\",\"@graph\":[{\"@type\":\"WebPage\",\"@id\":\"https:\/\/laborest.com\/es\/contacto\/\",\"url\":\"https:\/\/laborest.com\/es\/contacto\/\",\"name\":\"Contacto - Laborest\",\"isPartOf\":{\"@id\":\"https:\/\/laborest.com\/es\/#website\"},\"datePublished\":\"2024-06-14T10:29:45+00:00\",\"dateModified\":\"2025-07-22T13:30:22+00:00\",\"description\":\"D\u00e9janos un mensaje a trav\u00e9s de nuestro formulario de contacto.\",\"breadcrumb\":{\"@id\":\"https:\/\/laborest.com\/es\/contacto\/#breadcrumb\"},\"inLanguage\":\"es\",\"potentialAction\":[{\"@type\":\"ReadAction\",\"target\":[\"https:\/\/laborest.com\/es\/contacto\/\"]}]},{\"@type\":\"BreadcrumbList\",\"@id\":\"https:\/\/laborest.com\/es\/contacto\/#breadcrumb\",\"itemListElement\":[{\"@type\":\"ListItem\",\"position\":1,\"name\":\"Portada\",\"item\":\"https:\/\/laborest.com\/es\/\"},{\"@type\":\"ListItem\",\"position\":2,\"name\":\"Contacto\"}]},{\"@type\":\"WebSite\",\"@id\":\"https:\/\/laborest.com\/es\/#website\",\"url\":\"https:\/\/laborest.com\/es\/\",\"name\":\"Laborest\",\"description\":\"\",\"publisher\":{\"@id\":\"https:\/\/laborest.com\/es\/#organization\"},\"potentialAction\":[{\"@type\":\"SearchAction\",\"target\":{\"@type\":\"EntryPoint\",\"urlTemplate\":\"https:\/\/laborest.com\/es\/?s={search_term_string}\"},\"query-input\":{\"@type\":\"PropertyValueSpecification\",\"valueRequired\":true,\"valueName\":\"search_term_string\"}}],\"inLanguage\":\"es\"},{\"@type\":\"Organization\",\"@id\":\"https:\/\/laborest.com\/es\/#organization\",\"name\":\"Laborest\",\"url\":\"https:\/\/laborest.com\/es\/\",\"logo\":{\"@type\":\"ImageObject\",\"inLanguage\":\"es\",\"@id\":\"https:\/\/laborest.com\/es\/#\/schema\/logo\/image\/\",\"url\":\"https:\/\/laborest.com\/wp-content\/uploads\/2024\/04\/logo.svg\",\"contentUrl\":\"https:\/\/laborest.com\/wp-content\/uploads\/2024\/04\/logo.svg\",\"width\":260,\"height\":49,\"caption\":\"Laborest\"},\"image\":{\"@id\":\"https:\/\/laborest.com\/es\/#\/schema\/logo\/image\/\"},\"sameAs\":[\"https:\/\/www.facebook.com\/LaborestItalia\/\",\"https:\/\/it.linkedin.com\/showcase\/laborest-italia-spa\/\"]}]}<\/script>\n<!-- \/ Yoast SEO plugin. -->","yoast_head_json":{"title":"Contacto - Laborest","description":"D\u00e9janos un mensaje a trav\u00e9s de nuestro formulario de contacto.","robots":{"index":"index","follow":"follow","max-snippet":"max-snippet:-1","max-image-preview":"max-image-preview:large","max-video-preview":"max-video-preview:-1"},"canonical":"https:\/\/laborest.com\/es\/contacto\/","og_locale":"es_ES","og_type":"article","og_title":"Contacto - Laborest","og_description":"D\u00e9janos un mensaje a trav\u00e9s de nuestro formulario de contacto.","og_url":"https:\/\/laborest.com\/es\/contacto\/","og_site_name":"Laborest","article_publisher":"https:\/\/www.facebook.com\/LaborestItalia\/","article_modified_time":"2025-07-22T13:30:22+00:00","twitter_card":"summary_large_image","twitter_misc":{"Tiempo de lectura":"1 minuto"},"schema":{"@context":"https:\/\/schema.org","@graph":[{"@type":"WebPage","@id":"https:\/\/laborest.com\/es\/contacto\/","url":"https:\/\/laborest.com\/es\/contacto\/","name":"Contacto - Laborest","isPartOf":{"@id":"https:\/\/laborest.com\/es\/#website"},"datePublished":"2024-06-14T10:29:45+00:00","dateModified":"2025-07-22T13:30:22+00:00","description":"D\u00e9janos un mensaje a trav\u00e9s de nuestro formulario de contacto.","breadcrumb":{"@id":"https:\/\/laborest.com\/es\/contacto\/#breadcrumb"},"inLanguage":"es","potentialAction":[{"@type":"ReadAction","target":["https:\/\/laborest.com\/es\/contacto\/"]}]},{"@type":"BreadcrumbList","@id":"https:\/\/laborest.com\/es\/contacto\/#breadcrumb","itemListElement":[{"@type":"ListItem","position":1,"name":"Portada","item":"https:\/\/laborest.com\/es\/"},{"@type":"ListItem","position":2,"name":"Contacto"}]},{"@type":"WebSite","@id":"https:\/\/laborest.com\/es\/#website","url":"https:\/\/laborest.com\/es\/","name":"Laborest","description":"","publisher":{"@id":"https:\/\/laborest.com\/es\/#organization"},"potentialAction":[{"@type":"SearchAction","target":{"@type":"EntryPoint","urlTemplate":"https:\/\/laborest.com\/es\/?s={search_term_string}"},"query-input":{"@type":"PropertyValueSpecification","valueRequired":true,"valueName":"search_term_string"}}],"inLanguage":"es"},{"@type":"Organization","@id":"https:\/\/laborest.com\/es\/#organization","name":"Laborest","url":"https:\/\/laborest.com\/es\/","logo":{"@type":"ImageObject","inLanguage":"es","@id":"https:\/\/laborest.com\/es\/#\/schema\/logo\/image\/","url":"https:\/\/laborest.com\/wp-content\/uploads\/2024\/04\/logo.svg","contentUrl":"https:\/\/laborest.com\/wp-content\/uploads\/2024\/04\/logo.svg","width":260,"height":49,"caption":"Laborest"},"image":{"@id":"https:\/\/laborest.com\/es\/#\/schema\/logo\/image\/"},"sameAs":["https:\/\/www.facebook.com\/LaborestItalia\/","https:\/\/it.linkedin.com\/showcase\/laborest-italia-spa\/"]}]}},"_links":{"self":[{"href":"https:\/\/laborest.com\/es\/wp-json\/wp\/v2\/pages\/3919","targetHints":{"allow":["GET"]}}],"collection":[{"href":"https:\/\/laborest.com\/es\/wp-json\/wp\/v2\/pages"}],"about":[{"href":"https:\/\/laborest.com\/es\/wp-json\/wp\/v2\/types\/page"}],"author":[{"embeddable":true,"href":"https:\/\/laborest.com\/es\/wp-json\/wp\/v2\/users\/1"}],"replies":[{"embeddable":true,"href":"https:\/\/laborest.com\/es\/wp-json\/wp\/v2\/comments?post=3919"}],"version-history":[{"count":10,"href":"https:\/\/laborest.com\/es\/wp-json\/wp\/v2\/pages\/3919\/revisions"}],"predecessor-version":[{"id":14520,"href":"https:\/\/laborest.com\/es\/wp-json\/wp\/v2\/pages\/3919\/revisions\/14520"}],"wp:attachment":[{"href":"https:\/\/laborest.com\/es\/wp-json\/wp\/v2\/media?parent=3919"}],"curies":[{"name":"wp","href":"https:\/\/api.w.org\/{rel}","templated":true}]}}