{"id":3111,"date":"2024-06-17T18:43:58","date_gmt":"2024-06-17T16:43:58","guid":{"rendered":"https:\/\/laborest.site\/?page_id=3111"},"modified":"2024-06-17T18:44:33","modified_gmt":"2024-06-17T16:44:33","slug":"politica-de-cookies","status":"publish","type":"page","link":"https:\/\/laborest.com\/es\/politica-de-cookies\/","title":{"rendered":"Pol\u00edtica de cookies"},"content":{"rendered":"<p><b>1. \u00bfQu\u00e9 son las cookies?<\/b><\/p>\n<p>Las\u00a0<i>cookies<\/i>\u00a0son ficheros que almacenan y recuperan informaci\u00f3n sobre los h\u00e1bitos de navegaci\u00f3n del usuario. La informaci\u00f3n que se obtiene est\u00e1 relacionada, por ejemplo, con el n\u00famero de p\u00e1ginas que se visitan, el idioma, el lugar desde el que se accede, el n\u00famero de nuevos usuarios, la frecuencia y reincidencia de las visitas, el tiempo que dura la misma, el navegador o el equipo desde el que se realiza la visita o se ejecuta la aplicaci\u00f3n.<\/p>\n<p><b>2. \u00bfQu\u00e9 tipos de cookies utiliza URIACH en su p\u00e1gina web?<\/b><\/p>\n<p>La tipolog\u00eda de cookies que se utilizan con la navegaci\u00f3n a trav\u00e9s de la p\u00e1gina web son las que se detallan a continuaci\u00f3n:<\/p>\n<p><u>Seg\u00fan la entidad que las gestiona:<\/u><\/p>\n<ul>\n<li><i>Cookies propias<\/i>: se env\u00edan al equipo terminal del usuario desde un equipo o dominio gestionado por el propio editor y desde el que se presta el servicio solicitado por el usuario.<\/li>\n<li><i>Cookies de terceros<\/i>: se env\u00edan al equipo terminal del usuario desde un equipo o dominio que no es gestionado por el editor, sino por otra entidad que trata los datos obtenidos a trav\u00e9s de las cookies.<\/li>\n<\/ul>\n<p>Seg\u00fan el plazo de tiempo que permanecen activas:<\/p>\n<ul>\n<li><i>Cookies de sesi\u00f3n<\/i>: recaban y almacenan datos mientras el usuario accede a la p\u00e1gina web<\/li>\n<li><i>Cookies persistentes<\/i>: recopilan datos almacenados en el terminal y son accedidos y tratados durante el periodo definido.<\/li>\n<\/ul>\n<p>Seg\u00fan su finalidad:<\/p>\n<ul>\n<li><i>Cookies t\u00e9cnicas<\/i>: permiten la navegaci\u00f3n a trav\u00e9s de la p\u00e1gina web y la utilizaci\u00f3n de diferentes servicios que existan en la misma como podr\u00eda ser controlar el tr\u00e1fico y comunicaci\u00f3n de datos, realizar el proceso de compra de un pedido o utilizar elementos de seguridad durante la navegaci\u00f3n.<\/li>\n<li><i>Cookies de personalizaci\u00f3n<\/i>: permiten al usuario acceder al servicio en funci\u00f3n de caracter\u00edsticas predefinidas.<\/li>\n<li><i>Cookies de an\u00e1lisis<\/i>: permiten el seguimiento y an\u00e1lisis del comportamiento de los usuarios (por ejemplo, para la medici\u00f3n de la actividad de la aplicaci\u00f3n, la elaboraci\u00f3n de perfiles de usuarios, etc., con el fin de introducir mejoras en el servicio en funci\u00f3n de los datos de uso que hacen los usuarios).<\/li>\n<li><i>Cookies publicitarias<\/i>: permiten la gesti\u00f3n de forma eficaz de los espacios publicitarios incluidos en la p\u00e1gina web, en base a criterios como el contenido editado o la frecuencia en la que se muestran los anuncios.<\/li>\n<li><i>Cookies de publicidad comportamental<\/i>: permiten la gesti\u00f3n, de la forma m\u00e1s eficaz posible, de los espacios publicitarios incluidos en la p\u00e1gina web. Estas cookies almacenan informaci\u00f3n del comportamiento de los usuarios obtenida a trav\u00e9s de la observaci\u00f3n continuada de sus h\u00e1bitos de navegaci\u00f3n, lo que permite desarrollar un perfil espec\u00edfico para mostrar publicidad en funci\u00f3n del mismo.<\/li>\n<\/ul>\n<p>A continuaci\u00f3n, adjuntamos la relaci\u00f3n de cookies espec\u00edficas que utiliza la p\u00e1gina web:<\/p>\n<table role=\"table\">\n<thead role=\"rowgroup\">\n<tr role=\"row\">\n<th>Cookies<\/th>\n<th>Funci\u00f3n<\/th>\n<th>Caducidad<\/th>\n<th>Origen<\/th>\n<\/tr>\n<\/thead>\n<tbody role=\"rowgroup\">\n<tr role=\"row\">\n<td>[]<\/td>\n<td>[]<\/td>\n<td>[]<\/td>\n<td>[]<\/td>\n<\/tr>\n<\/tbody>\n<\/table>\n<p><b>3. \u00bfC\u00f3mo administrar las cookies?<\/b><\/p>\n<p>El usuario tiene la opci\u00f3n de permitir, bloquear o eliminar las cookies instaladas en la ventana de configuraci\u00f3n de las cookies.<\/p>\n<p>Por otra parte, la deshabilitaci\u00f3n de las cookies podr\u00eda modificar el funcionamiento de la p\u00e1gina web.<\/p>\n<p>Por favor, consulte las instrucciones y manuales de su dispositivo para ampliar esta informaci\u00f3n. En caso de bloquear el uso de cookies en su dispositivo es posible que algunos servicios o funcionalidades de la p\u00e1gina web no est\u00e9n disponibles.<\/p>\n<p>Si\u00a0aceptas las cookies\u00a0de la p\u00e1gina web y\u00a0m\u00e1s tarde deseas eliminar las cookies\u00a0que hemos configurado, consulte el men\u00fa de ayuda de su navegador para obtener las instrucciones con los pasos a seguir.<\/p>\n<p><b>4. Informaci\u00f3n sobre la identificaci\u00f3n de las cookies<\/b><\/p>\n<p>A continuaci\u00f3n, podr\u00e1 ver la identificaci\u00f3n de los terceros que utilizan las cookies. Por medio de los enlaces que facilitamos, podr\u00e1 acceder a la informaci\u00f3n sobre sus pol\u00edticas al respecto:<\/p>\n<p><b>Anal\u00edticas:<\/b><\/p>\n<p>Google Analytics se rige por las condiciones generales de Google accesibles en\u00a0<a href=\"http:\/\/www.google.com\/analytics\/tos.html\">http:\/\/www.google.com\/analytics\/tos.html<\/a>\u00a0y la pol\u00edtica de privacidad de Google accesibles en\u00a0<a href=\"http:\/\/www.google.com\/intl\/es\/policies\/privacy\/\">http:\/\/www.google.com\/intl\/es\/policies\/privacy\/<\/a>\u00a0y\u00a0<a href=\"http:\/\/www.google.com\/intl\/es\/analytics\/privacyoverview.html\">http:\/\/www.google.com\/intl\/es\/analytics\/privacyoverview.html<\/a><\/p>\n<p><b>5. Actualizaci\u00f3n de la pol\u00edtica de cookies<\/b><\/p>\n<p>En el caso de que las caracter\u00edsticas o fines de uso de las cookies de la p\u00e1gina web sean modificadas, se le informar\u00e1 acerca de esos cambios con el fin de recabar nuevamente su consentimiento.<\/p>\n<p>&nbsp;<\/p>\n<p>&nbsp;<\/p>\n","protected":false},"excerpt":{"rendered":"<p>1. \u00bfQu\u00e9 son las cookies? Las\u00a0cookies\u00a0son ficheros que almacenan y recuperan informaci\u00f3n sobre los h\u00e1bitos de navegaci\u00f3n del usuario. La informaci\u00f3n que se obtiene est\u00e1 relacionada, por ejemplo, con el n\u00famero de p\u00e1ginas que se visitan, el idioma, el lugar desde el que se accede, el n\u00famero de nuevos usuarios, la frecuencia y reincidencia de las visitas, el tiempo que dura la misma, el navegador o el equipo desde el que se realiza la visita o se ejecuta la aplicaci\u00f3n. 2. \u00bfQu\u00e9 tipos de cookies utiliza URIACH en su p\u00e1gina web? La tipolog\u00eda de cookies que se utilizan con la navegaci\u00f3n a trav\u00e9s de la p\u00e1gina web son las que se detallan a continuaci\u00f3n: Seg\u00fan la entidad que las gestiona: Cookies propias: se env\u00edan al equipo terminal del usuario desde un equipo o dominio gestionado por el propio editor y desde el que se presta el servicio solicitado por el usuario. Cookies de terceros: se env\u00edan al equipo terminal del usuario desde un equipo o dominio que no es gestionado por el editor, sino por otra entidad que trata los datos obtenidos a trav\u00e9s de las cookies. Seg\u00fan el plazo de tiempo que permanecen activas: Cookies de sesi\u00f3n: recaban y almacenan datos mientras el usuario accede a la p\u00e1gina web Cookies persistentes: recopilan datos almacenados en el terminal y son accedidos y tratados durante el periodo definido. Seg\u00fan su finalidad: Cookies t\u00e9cnicas: permiten la navegaci\u00f3n a trav\u00e9s de la p\u00e1gina web y la utilizaci\u00f3n de diferentes servicios que existan en la misma como podr\u00eda ser controlar el tr\u00e1fico y comunicaci\u00f3n de datos, realizar el proceso de compra de un pedido o utilizar elementos de seguridad durante la navegaci\u00f3n. Cookies de personalizaci\u00f3n: permiten al usuario acceder al servicio en funci\u00f3n de caracter\u00edsticas predefinidas. Cookies de an\u00e1lisis: permiten el seguimiento y an\u00e1lisis del comportamiento de los usuarios (por ejemplo, para la medici\u00f3n de la actividad de la aplicaci\u00f3n, la elaboraci\u00f3n de perfiles de usuarios, etc., con el fin de introducir mejoras en el servicio en funci\u00f3n de los datos de uso que hacen los usuarios). Cookies publicitarias: permiten la gesti\u00f3n de forma eficaz de los espacios publicitarios incluidos en la p\u00e1gina web, en base a criterios como el contenido editado o la frecuencia en la que se muestran los anuncios. Cookies de publicidad comportamental: permiten la gesti\u00f3n, de la forma m\u00e1s eficaz posible, de los espacios publicitarios incluidos en la p\u00e1gina web. Estas cookies almacenan informaci\u00f3n del comportamiento de los usuarios obtenida a trav\u00e9s de la observaci\u00f3n continuada de sus h\u00e1bitos de navegaci\u00f3n, lo que permite desarrollar un perfil espec\u00edfico para mostrar publicidad en funci\u00f3n del mismo. A continuaci\u00f3n, adjuntamos la relaci\u00f3n de cookies espec\u00edficas que utiliza la p\u00e1gina web: Cookies Funci\u00f3n Caducidad Origen [] [] [] [] 3. \u00bfC\u00f3mo administrar las cookies? El usuario tiene la opci\u00f3n de permitir, bloquear o eliminar las cookies instaladas en la ventana de configuraci\u00f3n de las cookies. Por otra parte, la deshabilitaci\u00f3n de las cookies podr\u00eda modificar el funcionamiento de la p\u00e1gina web. Por favor, consulte las instrucciones y manuales de su dispositivo para ampliar esta informaci\u00f3n. En caso de bloquear el uso de cookies en su dispositivo es posible que algunos servicios o funcionalidades de la p\u00e1gina web no est\u00e9n disponibles. Si\u00a0aceptas las cookies\u00a0de la p\u00e1gina web y\u00a0m\u00e1s tarde deseas eliminar las cookies\u00a0que hemos configurado, consulte el men\u00fa de ayuda de su navegador para obtener las instrucciones con los pasos a seguir. 4. Informaci\u00f3n sobre la identificaci\u00f3n de las cookies A continuaci\u00f3n, podr\u00e1 ver la identificaci\u00f3n de los terceros que utilizan las cookies. Por medio de los enlaces que facilitamos, podr\u00e1 acceder a la informaci\u00f3n sobre sus pol\u00edticas al respecto: Anal\u00edticas: Google Analytics se rige por las condiciones generales de Google accesibles en\u00a0http:\/\/www.google.com\/analytics\/tos.html\u00a0y la pol\u00edtica de privacidad de Google accesibles en\u00a0http:\/\/www.google.com\/intl\/es\/policies\/privacy\/\u00a0y\u00a0http:\/\/www.google.com\/intl\/es\/analytics\/privacyoverview.html 5. Actualizaci\u00f3n de la pol\u00edtica de cookies En el caso de que las caracter\u00edsticas o fines de uso de las cookies de la p\u00e1gina web sean modificadas, se le informar\u00e1 acerca de esos cambios con el fin de recabar nuevamente su consentimiento. &nbsp; &nbsp;<\/p>\n","protected":false},"author":1,"featured_media":0,"parent":0,"menu_order":0,"comment_status":"closed","ping_status":"closed","template":"","meta":{"_acf_changed":false,"footnotes":""},"class_list":["post-3111","page","type-page","status-publish","hentry"],"acf":[],"yoast_head":"<!-- This site is optimized with the Yoast SEO plugin v27.1 - https:\/\/yoast.com\/product\/yoast-seo-wordpress\/ -->\n<title>Pol\u00edtica de cookies - Laborest<\/title>\n<meta name=\"robots\" content=\"index, follow, max-snippet:-1, max-image-preview:large, max-video-preview:-1\" \/>\n<link rel=\"canonical\" href=\"https:\/\/laborest.com\/es\/politica-de-cookies\/\" \/>\n<meta property=\"og:locale\" content=\"es_ES\" \/>\n<meta property=\"og:type\" content=\"article\" \/>\n<meta property=\"og:title\" content=\"Pol\u00edtica de cookies - Laborest\" \/>\n<meta property=\"og:description\" content=\"1. \u00bfQu\u00e9 son las cookies? Las\u00a0cookies\u00a0son ficheros que almacenan y recuperan informaci\u00f3n sobre los h\u00e1bitos de navegaci\u00f3n del usuario. La informaci\u00f3n que se obtiene est\u00e1 relacionada, por ejemplo, con el n\u00famero de p\u00e1ginas que se visitan, el idioma, el lugar desde el que se accede, el n\u00famero de nuevos usuarios, la frecuencia y reincidencia de las visitas, el tiempo que dura la misma, el navegador o el equipo desde el que se realiza la visita o se ejecuta la aplicaci\u00f3n. 2. \u00bfQu\u00e9 tipos de cookies utiliza URIACH en su p\u00e1gina web? La tipolog\u00eda de cookies que se utilizan con la navegaci\u00f3n a trav\u00e9s de la p\u00e1gina web son las que se detallan a continuaci\u00f3n: Seg\u00fan la entidad que las gestiona: Cookies propias: se env\u00edan al equipo terminal del usuario desde un equipo o dominio gestionado por el propio editor y desde el que se presta el servicio solicitado por el usuario. Cookies de terceros: se env\u00edan al equipo terminal del usuario desde un equipo o dominio que no es gestionado por el editor, sino por otra entidad que trata los datos obtenidos a trav\u00e9s de las cookies. Seg\u00fan el plazo de tiempo que permanecen activas: Cookies de sesi\u00f3n: recaban y almacenan datos mientras el usuario accede a la p\u00e1gina web Cookies persistentes: recopilan datos almacenados en el terminal y son accedidos y tratados durante el periodo definido. Seg\u00fan su finalidad: Cookies t\u00e9cnicas: permiten la navegaci\u00f3n a trav\u00e9s de la p\u00e1gina web y la utilizaci\u00f3n de diferentes servicios que existan en la misma como podr\u00eda ser controlar el tr\u00e1fico y comunicaci\u00f3n de datos, realizar el proceso de compra de un pedido o utilizar elementos de seguridad durante la navegaci\u00f3n. Cookies de personalizaci\u00f3n: permiten al usuario acceder al servicio en funci\u00f3n de caracter\u00edsticas predefinidas. Cookies de an\u00e1lisis: permiten el seguimiento y an\u00e1lisis del comportamiento de los usuarios (por ejemplo, para la medici\u00f3n de la actividad de la aplicaci\u00f3n, la elaboraci\u00f3n de perfiles de usuarios, etc., con el fin de introducir mejoras en el servicio en funci\u00f3n de los datos de uso que hacen los usuarios). Cookies publicitarias: permiten la gesti\u00f3n de forma eficaz de los espacios publicitarios incluidos en la p\u00e1gina web, en base a criterios como el contenido editado o la frecuencia en la que se muestran los anuncios. Cookies de publicidad comportamental: permiten la gesti\u00f3n, de la forma m\u00e1s eficaz posible, de los espacios publicitarios incluidos en la p\u00e1gina web. Estas cookies almacenan informaci\u00f3n del comportamiento de los usuarios obtenida a trav\u00e9s de la observaci\u00f3n continuada de sus h\u00e1bitos de navegaci\u00f3n, lo que permite desarrollar un perfil espec\u00edfico para mostrar publicidad en funci\u00f3n del mismo. A continuaci\u00f3n, adjuntamos la relaci\u00f3n de cookies espec\u00edficas que utiliza la p\u00e1gina web: Cookies Funci\u00f3n Caducidad Origen [] [] [] [] 3. \u00bfC\u00f3mo administrar las cookies? El usuario tiene la opci\u00f3n de permitir, bloquear o eliminar las cookies instaladas en la ventana de configuraci\u00f3n de las cookies. Por otra parte, la deshabilitaci\u00f3n de las cookies podr\u00eda modificar el funcionamiento de la p\u00e1gina web. Por favor, consulte las instrucciones y manuales de su dispositivo para ampliar esta informaci\u00f3n. En caso de bloquear el uso de cookies en su dispositivo es posible que algunos servicios o funcionalidades de la p\u00e1gina web no est\u00e9n disponibles. Si\u00a0aceptas las cookies\u00a0de la p\u00e1gina web y\u00a0m\u00e1s tarde deseas eliminar las cookies\u00a0que hemos configurado, consulte el men\u00fa de ayuda de su navegador para obtener las instrucciones con los pasos a seguir. 4. Informaci\u00f3n sobre la identificaci\u00f3n de las cookies A continuaci\u00f3n, podr\u00e1 ver la identificaci\u00f3n de los terceros que utilizan las cookies. Por medio de los enlaces que facilitamos, podr\u00e1 acceder a la informaci\u00f3n sobre sus pol\u00edticas al respecto: Anal\u00edticas: Google Analytics se rige por las condiciones generales de Google accesibles en\u00a0http:\/\/www.google.com\/analytics\/tos.html\u00a0y la pol\u00edtica de privacidad de Google accesibles en\u00a0http:\/\/www.google.com\/intl\/es\/policies\/privacy\/\u00a0y\u00a0http:\/\/www.google.com\/intl\/es\/analytics\/privacyoverview.html 5. Actualizaci\u00f3n de la pol\u00edtica de cookies En el caso de que las caracter\u00edsticas o fines de uso de las cookies de la p\u00e1gina web sean modificadas, se le informar\u00e1 acerca de esos cambios con el fin de recabar nuevamente su consentimiento. &nbsp; &nbsp;\" \/>\n<meta property=\"og:url\" content=\"https:\/\/laborest.com\/es\/politica-de-cookies\/\" \/>\n<meta property=\"og:site_name\" content=\"Laborest\" \/>\n<meta property=\"article:publisher\" content=\"https:\/\/www.facebook.com\/LaborestItalia\/\" \/>\n<meta property=\"article:modified_time\" content=\"2024-06-17T16:44:33+00:00\" \/>\n<meta name=\"twitter:card\" content=\"summary_large_image\" \/>\n<meta name=\"twitter:label1\" content=\"Tiempo de lectura\" \/>\n\t<meta name=\"twitter:data1\" content=\"4 minutos\" \/>\n<script type=\"application\/ld+json\" class=\"yoast-schema-graph\">{\"@context\":\"https:\/\/schema.org\",\"@graph\":[{\"@type\":\"WebPage\",\"@id\":\"https:\/\/laborest.com\/es\/politica-de-cookies\/\",\"url\":\"https:\/\/laborest.com\/es\/politica-de-cookies\/\",\"name\":\"Pol\u00edtica de cookies - Laborest\",\"isPartOf\":{\"@id\":\"https:\/\/laborest.com\/es\/#website\"},\"datePublished\":\"2024-06-17T16:43:58+00:00\",\"dateModified\":\"2024-06-17T16:44:33+00:00\",\"breadcrumb\":{\"@id\":\"https:\/\/laborest.com\/es\/politica-de-cookies\/#breadcrumb\"},\"inLanguage\":\"es\",\"potentialAction\":[{\"@type\":\"ReadAction\",\"target\":[\"https:\/\/laborest.com\/es\/politica-de-cookies\/\"]}]},{\"@type\":\"BreadcrumbList\",\"@id\":\"https:\/\/laborest.com\/es\/politica-de-cookies\/#breadcrumb\",\"itemListElement\":[{\"@type\":\"ListItem\",\"position\":1,\"name\":\"Portada\",\"item\":\"https:\/\/laborest.com\/es\/\"},{\"@type\":\"ListItem\",\"position\":2,\"name\":\"Pol\u00edtica de cookies\"}]},{\"@type\":\"WebSite\",\"@id\":\"https:\/\/laborest.com\/es\/#website\",\"url\":\"https:\/\/laborest.com\/es\/\",\"name\":\"Laborest\",\"description\":\"\",\"publisher\":{\"@id\":\"https:\/\/laborest.com\/es\/#organization\"},\"potentialAction\":[{\"@type\":\"SearchAction\",\"target\":{\"@type\":\"EntryPoint\",\"urlTemplate\":\"https:\/\/laborest.com\/es\/?s={search_term_string}\"},\"query-input\":{\"@type\":\"PropertyValueSpecification\",\"valueRequired\":true,\"valueName\":\"search_term_string\"}}],\"inLanguage\":\"es\"},{\"@type\":\"Organization\",\"@id\":\"https:\/\/laborest.com\/es\/#organization\",\"name\":\"Laborest\",\"url\":\"https:\/\/laborest.com\/es\/\",\"logo\":{\"@type\":\"ImageObject\",\"inLanguage\":\"es\",\"@id\":\"https:\/\/laborest.com\/es\/#\/schema\/logo\/image\/\",\"url\":\"https:\/\/laborest.com\/wp-content\/uploads\/2024\/04\/logo.svg\",\"contentUrl\":\"https:\/\/laborest.com\/wp-content\/uploads\/2024\/04\/logo.svg\",\"width\":260,\"height\":49,\"caption\":\"Laborest\"},\"image\":{\"@id\":\"https:\/\/laborest.com\/es\/#\/schema\/logo\/image\/\"},\"sameAs\":[\"https:\/\/www.facebook.com\/LaborestItalia\/\",\"https:\/\/it.linkedin.com\/showcase\/laborest-italia-spa\/\"]}]}<\/script>\n<!-- \/ Yoast SEO plugin. -->","yoast_head_json":{"title":"Pol\u00edtica de cookies - Laborest","robots":{"index":"index","follow":"follow","max-snippet":"max-snippet:-1","max-image-preview":"max-image-preview:large","max-video-preview":"max-video-preview:-1"},"canonical":"https:\/\/laborest.com\/es\/politica-de-cookies\/","og_locale":"es_ES","og_type":"article","og_title":"Pol\u00edtica de cookies - Laborest","og_description":"1. \u00bfQu\u00e9 son las cookies? Las\u00a0cookies\u00a0son ficheros que almacenan y recuperan informaci\u00f3n sobre los h\u00e1bitos de navegaci\u00f3n del usuario. La informaci\u00f3n que se obtiene est\u00e1 relacionada, por ejemplo, con el n\u00famero de p\u00e1ginas que se visitan, el idioma, el lugar desde el que se accede, el n\u00famero de nuevos usuarios, la frecuencia y reincidencia de las visitas, el tiempo que dura la misma, el navegador o el equipo desde el que se realiza la visita o se ejecuta la aplicaci\u00f3n. 2. \u00bfQu\u00e9 tipos de cookies utiliza URIACH en su p\u00e1gina web? La tipolog\u00eda de cookies que se utilizan con la navegaci\u00f3n a trav\u00e9s de la p\u00e1gina web son las que se detallan a continuaci\u00f3n: Seg\u00fan la entidad que las gestiona: Cookies propias: se env\u00edan al equipo terminal del usuario desde un equipo o dominio gestionado por el propio editor y desde el que se presta el servicio solicitado por el usuario. Cookies de terceros: se env\u00edan al equipo terminal del usuario desde un equipo o dominio que no es gestionado por el editor, sino por otra entidad que trata los datos obtenidos a trav\u00e9s de las cookies. Seg\u00fan el plazo de tiempo que permanecen activas: Cookies de sesi\u00f3n: recaban y almacenan datos mientras el usuario accede a la p\u00e1gina web Cookies persistentes: recopilan datos almacenados en el terminal y son accedidos y tratados durante el periodo definido. Seg\u00fan su finalidad: Cookies t\u00e9cnicas: permiten la navegaci\u00f3n a trav\u00e9s de la p\u00e1gina web y la utilizaci\u00f3n de diferentes servicios que existan en la misma como podr\u00eda ser controlar el tr\u00e1fico y comunicaci\u00f3n de datos, realizar el proceso de compra de un pedido o utilizar elementos de seguridad durante la navegaci\u00f3n. Cookies de personalizaci\u00f3n: permiten al usuario acceder al servicio en funci\u00f3n de caracter\u00edsticas predefinidas. Cookies de an\u00e1lisis: permiten el seguimiento y an\u00e1lisis del comportamiento de los usuarios (por ejemplo, para la medici\u00f3n de la actividad de la aplicaci\u00f3n, la elaboraci\u00f3n de perfiles de usuarios, etc., con el fin de introducir mejoras en el servicio en funci\u00f3n de los datos de uso que hacen los usuarios). Cookies publicitarias: permiten la gesti\u00f3n de forma eficaz de los espacios publicitarios incluidos en la p\u00e1gina web, en base a criterios como el contenido editado o la frecuencia en la que se muestran los anuncios. Cookies de publicidad comportamental: permiten la gesti\u00f3n, de la forma m\u00e1s eficaz posible, de los espacios publicitarios incluidos en la p\u00e1gina web. Estas cookies almacenan informaci\u00f3n del comportamiento de los usuarios obtenida a trav\u00e9s de la observaci\u00f3n continuada de sus h\u00e1bitos de navegaci\u00f3n, lo que permite desarrollar un perfil espec\u00edfico para mostrar publicidad en funci\u00f3n del mismo. A continuaci\u00f3n, adjuntamos la relaci\u00f3n de cookies espec\u00edficas que utiliza la p\u00e1gina web: Cookies Funci\u00f3n Caducidad Origen [] [] [] [] 3. \u00bfC\u00f3mo administrar las cookies? El usuario tiene la opci\u00f3n de permitir, bloquear o eliminar las cookies instaladas en la ventana de configuraci\u00f3n de las cookies. Por otra parte, la deshabilitaci\u00f3n de las cookies podr\u00eda modificar el funcionamiento de la p\u00e1gina web. Por favor, consulte las instrucciones y manuales de su dispositivo para ampliar esta informaci\u00f3n. En caso de bloquear el uso de cookies en su dispositivo es posible que algunos servicios o funcionalidades de la p\u00e1gina web no est\u00e9n disponibles. Si\u00a0aceptas las cookies\u00a0de la p\u00e1gina web y\u00a0m\u00e1s tarde deseas eliminar las cookies\u00a0que hemos configurado, consulte el men\u00fa de ayuda de su navegador para obtener las instrucciones con los pasos a seguir. 4. Informaci\u00f3n sobre la identificaci\u00f3n de las cookies A continuaci\u00f3n, podr\u00e1 ver la identificaci\u00f3n de los terceros que utilizan las cookies. Por medio de los enlaces que facilitamos, podr\u00e1 acceder a la informaci\u00f3n sobre sus pol\u00edticas al respecto: Anal\u00edticas: Google Analytics se rige por las condiciones generales de Google accesibles en\u00a0http:\/\/www.google.com\/analytics\/tos.html\u00a0y la pol\u00edtica de privacidad de Google accesibles en\u00a0http:\/\/www.google.com\/intl\/es\/policies\/privacy\/\u00a0y\u00a0http:\/\/www.google.com\/intl\/es\/analytics\/privacyoverview.html 5. Actualizaci\u00f3n de la pol\u00edtica de cookies En el caso de que las caracter\u00edsticas o fines de uso de las cookies de la p\u00e1gina web sean modificadas, se le informar\u00e1 acerca de esos cambios con el fin de recabar nuevamente su consentimiento. &nbsp; &nbsp;","og_url":"https:\/\/laborest.com\/es\/politica-de-cookies\/","og_site_name":"Laborest","article_publisher":"https:\/\/www.facebook.com\/LaborestItalia\/","article_modified_time":"2024-06-17T16:44:33+00:00","twitter_card":"summary_large_image","twitter_misc":{"Tiempo de lectura":"4 minutos"},"schema":{"@context":"https:\/\/schema.org","@graph":[{"@type":"WebPage","@id":"https:\/\/laborest.com\/es\/politica-de-cookies\/","url":"https:\/\/laborest.com\/es\/politica-de-cookies\/","name":"Pol\u00edtica de cookies - Laborest","isPartOf":{"@id":"https:\/\/laborest.com\/es\/#website"},"datePublished":"2024-06-17T16:43:58+00:00","dateModified":"2024-06-17T16:44:33+00:00","breadcrumb":{"@id":"https:\/\/laborest.com\/es\/politica-de-cookies\/#breadcrumb"},"inLanguage":"es","potentialAction":[{"@type":"ReadAction","target":["https:\/\/laborest.com\/es\/politica-de-cookies\/"]}]},{"@type":"BreadcrumbList","@id":"https:\/\/laborest.com\/es\/politica-de-cookies\/#breadcrumb","itemListElement":[{"@type":"ListItem","position":1,"name":"Portada","item":"https:\/\/laborest.com\/es\/"},{"@type":"ListItem","position":2,"name":"Pol\u00edtica de cookies"}]},{"@type":"WebSite","@id":"https:\/\/laborest.com\/es\/#website","url":"https:\/\/laborest.com\/es\/","name":"Laborest","description":"","publisher":{"@id":"https:\/\/laborest.com\/es\/#organization"},"potentialAction":[{"@type":"SearchAction","target":{"@type":"EntryPoint","urlTemplate":"https:\/\/laborest.com\/es\/?s={search_term_string}"},"query-input":{"@type":"PropertyValueSpecification","valueRequired":true,"valueName":"search_term_string"}}],"inLanguage":"es"},{"@type":"Organization","@id":"https:\/\/laborest.com\/es\/#organization","name":"Laborest","url":"https:\/\/laborest.com\/es\/","logo":{"@type":"ImageObject","inLanguage":"es","@id":"https:\/\/laborest.com\/es\/#\/schema\/logo\/image\/","url":"https:\/\/laborest.com\/wp-content\/uploads\/2024\/04\/logo.svg","contentUrl":"https:\/\/laborest.com\/wp-content\/uploads\/2024\/04\/logo.svg","width":260,"height":49,"caption":"Laborest"},"image":{"@id":"https:\/\/laborest.com\/es\/#\/schema\/logo\/image\/"},"sameAs":["https:\/\/www.facebook.com\/LaborestItalia\/","https:\/\/it.linkedin.com\/showcase\/laborest-italia-spa\/"]}]}},"_links":{"self":[{"href":"https:\/\/laborest.com\/es\/wp-json\/wp\/v2\/pages\/3111","targetHints":{"allow":["GET"]}}],"collection":[{"href":"https:\/\/laborest.com\/es\/wp-json\/wp\/v2\/pages"}],"about":[{"href":"https:\/\/laborest.com\/es\/wp-json\/wp\/v2\/types\/page"}],"author":[{"embeddable":true,"href":"https:\/\/laborest.com\/es\/wp-json\/wp\/v2\/users\/1"}],"replies":[{"embeddable":true,"href":"https:\/\/laborest.com\/es\/wp-json\/wp\/v2\/comments?post=3111"}],"version-history":[{"count":0,"href":"https:\/\/laborest.com\/es\/wp-json\/wp\/v2\/pages\/3111\/revisions"}],"wp:attachment":[{"href":"https:\/\/laborest.com\/es\/wp-json\/wp\/v2\/media?parent=3111"}],"curies":[{"name":"wp","href":"https:\/\/api.w.org\/{rel}","templated":true}]}}