{"id":13071,"date":"2025-02-07T17:18:48","date_gmt":"2025-02-07T16:18:48","guid":{"rendered":"https:\/\/laborest.com\/dove-comprare\/"},"modified":"2025-07-22T15:43:58","modified_gmt":"2025-07-22T13:43:58","slug":"donde-comprar","status":"publish","type":"page","link":"https:\/\/laborest.com\/es\/donde-comprar\/","title":{"rendered":"D\u00f3nde comprar"},"content":{"rendered":"\t\t<div data-elementor-type=\"wp-page\" data-elementor-id=\"13071\" class=\"elementor elementor-13071 elementor-7774\" data-elementor-post-type=\"page\">\n\t\t\t\t<div class=\"elementor-element elementor-element-30ea74a e-flex e-con-boxed wpr-particle-no wpr-jarallax-no wpr-parallax-no wpr-sticky-section-no e-con e-parent\" data-id=\"30ea74a\" data-element_type=\"container\" data-e-type=\"container\">\n\t\t\t\t\t<div class=\"e-con-inner\">\n\t\t\t\t<div class=\"elementor-element elementor-element-c0ab33c elementor-widget elementor-widget-heading\" data-id=\"c0ab33c\" data-element_type=\"widget\" data-e-type=\"widget\" data-widget_type=\"heading.default\">\n\t\t\t\t<div class=\"elementor-widget-container\">\n\t\t\t\t\t<h1 class=\"elementor-heading-title elementor-size-default\">Localizador de farmacias<\/h1>\t\t\t\t<\/div>\n\t\t\t\t<\/div>\n\t\t\t\t<div class=\"elementor-element elementor-element-62d2c8c elementor-widget elementor-widget-text-editor\" data-id=\"62d2c8c\" data-element_type=\"widget\" data-e-type=\"widget\" data-widget_type=\"text-editor.default\">\n\t\t\t\t<div class=\"elementor-widget-container\">\n\t\t\t\t\t\t\t\t\t<p>Descubra nuestra gama de productos Laborest en su <strong>farmacia m\u00e1s cercana<\/strong> introduciendo su direcci\u00f3n o c\u00f3digo postal a continuaci\u00f3n.<\/p>\t\t\t\t\t\t\t\t<\/div>\n\t\t\t\t<\/div>\n\t\t\t\t<div class=\"elementor-element elementor-element-55d9cbf elementor-widget-divider--view-line elementor-widget elementor-widget-divider\" data-id=\"55d9cbf\" data-element_type=\"widget\" data-e-type=\"widget\" data-widget_type=\"divider.default\">\n\t\t\t\t<div class=\"elementor-widget-container\">\n\t\t\t\t\t\t\t<div class=\"elementor-divider\">\n\t\t\t<span class=\"elementor-divider-separator\">\n\t\t\t\t\t\t<\/span>\n\t\t<\/div>\n\t\t\t\t\t\t<\/div>\n\t\t\t\t<\/div>\n\t\t\t\t\t<\/div>\n\t\t\t\t<\/div>\n\t\t<div class=\"elementor-element elementor-element-97156b6 e-flex e-con-boxed wpr-particle-no wpr-jarallax-no wpr-parallax-no wpr-sticky-section-no e-con e-parent\" data-id=\"97156b6\" data-element_type=\"container\" data-e-type=\"container\">\n\t\t\t\t\t<div class=\"e-con-inner\">\n\t\t\t\t<div class=\"elementor-element elementor-element-6214929 elementor-widget elementor-widget-shortcode\" data-id=\"6214929\" data-element_type=\"widget\" data-e-type=\"widget\" data-widget_type=\"shortcode.default\">\n\t\t\t\t<div class=\"elementor-widget-container\">\n\t\t\t\t\t\t\t<div class=\"elementor-shortcode\"><style>\r\n\t#wpsl-stores .wpsl-store-thumb {height:45px !important; width:45px !important;}\r\n\t#wpsl-stores, #wpsl-direction-details, #wpsl-gmap {height:500px !important;}\r\n\t#wpsl-gmap .wpsl-info-window {max-width:225px !important;}\r\n\t.wpsl-input label, #wpsl-radius label, #wpsl-category label {width:95px;}\r\n\t#wpsl-search-input  {width:179px;}\r\n<\/style>\r\n<div id=\"wpsl-wrap\" class=\"wpsl-store-below\">\r\n\t<div class=\"wpsl-search wpsl-clearfix wpsl-no-filters\">\r\n\t\t<div id=\"wpsl-search-wrap\">\r\n\t\t\t<form autocomplete=\"off\">\r\n\t\t\t<div class=\"wpsl-input\">\r\n\t\t\t\t<div><label for=\"wpsl-search-input\">Tu ubicaci\u00f3n<\/label><\/div>\r\n\t\t\t\t<input id=\"wpsl-search-input\" type=\"text\" value=\"\" name=\"wpsl-search-input\" placeholder=\"\" aria-required=\"true\" \/>\r\n\t\t\t<\/div>\r\n\t\t\t\t<div class=\"wpsl-search-btn-wrap\"><input id=\"wpsl-search-btn\" type=\"submit\" value=\"Buscar\"><\/div>\r\n\t\t<\/form>\r\n\t\t<\/div>\r\n\t<\/div>\r\n\t<div id=\"wpsl-gmap\" class=\"wpsl-gmap-canvas\"><\/div>\r\n\t<div id=\"wpsl-result-list\">\r\n\t\t<div id=\"wpsl-stores\" class=\"wpsl-not-loaded\">\r\n\t\t\t<ul><\/ul>\r\n\t\t<\/div>\r\n\t\t<div id=\"wpsl-direction-details\">\r\n\t\t\t<ul><\/ul>\r\n\t\t<\/div>\r\n\t<\/div>\r\n<\/div>\r\n<\/div>\n\t\t\t\t\t\t<\/div>\n\t\t\t\t<\/div>\n\t\t\t\t<div class=\"elementor-element elementor-element-49d5078 elementor-widget elementor-widget-html\" data-id=\"49d5078\" data-element_type=\"widget\" data-e-type=\"widget\" data-widget_type=\"html.default\">\n\t\t\t\t<div class=\"elementor-widget-container\">\n\t\t\t\t\t<script>\n    jQuery(document).ready(function($) {\n        $('#wpsl-search-input').attr('placeholder', 'Direcci\u00f3n o c\u00f3digo postal');\n        $('#wpsl-search-btn').attr('value', 'Buscar');\n    });\n<\/script>\n<style>\n    #wpsl-stores {\n    height: auto !important;\n}\n<\/style>\t\t\t\t<\/div>\n\t\t\t\t<\/div>\n\t\t\t\t\t<\/div>\n\t\t\t\t<\/div>\n\t\t<div class=\"elementor-element elementor-element-746faaf e-con-full e-flex wpr-particle-no wpr-jarallax-no wpr-parallax-no wpr-sticky-section-no e-con e-parent\" data-id=\"746faaf\" data-element_type=\"container\" data-e-type=\"container\" data-settings=\"{&quot;background_background&quot;:&quot;classic&quot;}\">\n\t\t<div class=\"elementor-element elementor-element-198d939 e-con-full animated-slow e-flex wpr-particle-no wpr-jarallax-no wpr-parallax-no wpr-sticky-section-no elementor-invisible e-con e-child\" data-id=\"198d939\" data-element_type=\"container\" data-e-type=\"container\" data-settings=\"{&quot;background_background&quot;:&quot;classic&quot;,&quot;animation&quot;:&quot;fadeIn&quot;,&quot;animation_delay&quot;:500}\">\n\t\t\t\t<\/div>\n\t\t<div class=\"elementor-element elementor-element-7f8b602 e-con-full e-flex wpr-particle-no wpr-jarallax-no wpr-parallax-no wpr-sticky-section-no elementor-invisible e-con e-child\" data-id=\"7f8b602\" data-element_type=\"container\" data-e-type=\"container\" data-settings=\"{&quot;background_background&quot;:&quot;classic&quot;,&quot;animation&quot;:&quot;fadeInUp&quot;}\">\n\t\t\t\t<div class=\"elementor-element elementor-element-8c421bd elementor-widget elementor-widget-heading\" data-id=\"8c421bd\" data-element_type=\"widget\" data-e-type=\"widget\" data-widget_type=\"heading.default\">\n\t\t\t\t<div class=\"elementor-widget-container\">\n\t\t\t\t\t<h2 class=\"elementor-heading-title elementor-size-default\">Compra Laborest online<\/h2>\t\t\t\t<\/div>\n\t\t\t\t<\/div>\n\t\t\t\t<div class=\"elementor-element elementor-element-c8af787 elementor-widget-divider--view-line elementor-invisible elementor-widget elementor-widget-divider\" data-id=\"c8af787\" data-element_type=\"widget\" data-e-type=\"widget\" data-settings=\"{&quot;_animation&quot;:&quot;fadeInUp&quot;}\" data-widget_type=\"divider.default\">\n\t\t\t\t<div class=\"elementor-widget-container\">\n\t\t\t\t\t\t\t<div class=\"elementor-divider\">\n\t\t\t<span class=\"elementor-divider-separator\">\n\t\t\t\t\t\t<\/span>\n\t\t<\/div>\n\t\t\t\t\t\t<\/div>\n\t\t\t\t<\/div>\n\t\t\t\t<div class=\"elementor-element elementor-element-7062f66 elementor-widget__width-initial elementor-widget elementor-widget-text-editor\" data-id=\"7062f66\" data-element_type=\"widget\" data-e-type=\"widget\" data-widget_type=\"text-editor.default\">\n\t\t\t\t<div class=\"elementor-widget-container\">\n\t\t\t\t\t\t\t\t\t<p>Puedes comprar nuestros nutrac\u00e9uticos <strong>en cualquier farmacia de Espa\u00f1a<\/strong>. Si no est\u00e1n disponibles, pregunta a tu farmac\u00e9utico y <strong>los tendr\u00e1s en 24 horas<\/strong>. Tambi\u00e9n puedes comprarlos online.<\/p>\t\t\t\t\t\t\t\t<\/div>\n\t\t\t\t<\/div>\n\t\t\t\t<div class=\"elementor-element elementor-element-afe4182 bot_siamo_area elementor-widget elementor-widget-button\" data-id=\"afe4182\" data-element_type=\"widget\" data-e-type=\"widget\" data-widget_type=\"button.default\">\n\t\t\t\t<div class=\"elementor-widget-container\">\n\t\t\t\t\t\t\t\t\t<div class=\"elementor-button-wrapper\">\n\t\t\t\t\t<a class=\"elementor-button elementor-button-link elementor-size-sm\" href=\"https:\/\/www.naturitas.es\/b\/laborest\" target=\"_blank\" rel=\"nofollow\">\n\t\t\t\t\t\t<span class=\"elementor-button-content-wrapper\">\n\t\t\t\t\t\t<span class=\"elementor-button-icon\">\n\t\t\t\t<svg xmlns=\"http:\/\/www.w3.org\/2000\/svg\" id=\"Capa_1\" data-name=\"Capa 1\" viewBox=\"0 0 800 800\"><defs><style> .cls-1 { fill: #fff; } .cls-1, .cls-2 { stroke-width: 0px; } .cls-2 { fill: #1e303c; } <\/style><\/defs><circle class=\"cls-1\" cx=\"400\" cy=\"400\" r=\"397.5\"><\/circle><path class=\"cls-2\" d=\"M176.8,236.6c0-10.3,8.3-18.7,18.6-18.8,0,0,.1,0,.2,0h35.8c17,0,32.5,9.7,39.7,25h321.1c17.3.2,31.1,14.3,30.9,31.6,0,2.7-.4,5.5-1.2,8.1l-32.1,119.1c-6.6,24.6-28.9,41.7-54.4,41.7h-224.7l4.3,22.3c1.7,8.8,9.4,15.2,18.4,15.2h225.5c10.4.8,18.2,9.8,17.4,20.2-.7,9.3-8.1,16.8-17.4,17.4h-226c-27,0-50.2-19.2-55.3-45.8l-40.3-212.3c-.6-2.9-3-5-6-5.1h-35.8c-10.3,0-18.7-8.3-18.8-18.6,0,0,0-.1,0-.2ZM277,580.7c0-20.7,16.8-37.5,37.5-37.5,20.7,0,37.5,16.8,37.5,37.5,0,20.7-16.8,37.5-37.5,37.5h0c-20.7,0-37.5-16.8-37.5-37.5ZM539.7,543.2c20.7,0,37.5,16.8,37.5,37.5s-16.8,37.5-37.5,37.5h0c-20.7,0-37.5-16.8-37.5-37.5s16.8-37.5,37.5-37.5Z\"><\/path><\/svg>\t\t\t<\/span>\n\t\t\t\t\t\t\t\t\t<span class=\"elementor-button-text\">COMPRA ONLINE<\/span>\n\t\t\t\t\t<\/span>\n\t\t\t\t\t<\/a>\n\t\t\t\t<\/div>\n\t\t\t\t\t\t\t\t<\/div>\n\t\t\t\t<\/div>\n\t\t\t\t<\/div>\n\t\t\t\t<\/div>\n\t\t\t\t<\/div>\n\t\t","protected":false},"excerpt":{"rendered":"<p>Localizador de farmacias Descubra nuestra gama de productos Laborest en su farmacia m\u00e1s cercana introduciendo su direcci\u00f3n o c\u00f3digo postal a continuaci\u00f3n. Compra Laborest online Puedes comprar nuestros nutrac\u00e9uticos en cualquier farmacia de Espa\u00f1a. Si no est\u00e1n disponibles, pregunta a tu farmac\u00e9utico y los tendr\u00e1s en 24 horas. Tambi\u00e9n puedes comprarlos online. COMPRA ONLINE<\/p>\n","protected":false},"author":1,"featured_media":0,"parent":0,"menu_order":0,"comment_status":"closed","ping_status":"closed","template":"elementor_header_footer","meta":{"_acf_changed":false,"footnotes":""},"class_list":["post-13071","page","type-page","status-publish","hentry"],"acf":[],"yoast_head":"<!-- This site is optimized with the Yoast SEO plugin v27.1 - https:\/\/yoast.com\/product\/yoast-seo-wordpress\/ -->\n<title>D\u00f3nde comprar - Laborest<\/title>\n<meta name=\"robots\" content=\"index, follow, max-snippet:-1, max-image-preview:large, max-video-preview:-1\" \/>\n<link rel=\"canonical\" href=\"https:\/\/laborest.com\/es\/donde-comprar\/\" \/>\n<meta property=\"og:locale\" content=\"es_ES\" \/>\n<meta property=\"og:type\" content=\"article\" \/>\n<meta property=\"og:title\" content=\"D\u00f3nde comprar - Laborest\" \/>\n<meta property=\"og:description\" content=\"Localizador de farmacias Descubra nuestra gama de productos Laborest en su farmacia m\u00e1s cercana introduciendo su direcci\u00f3n o c\u00f3digo postal a continuaci\u00f3n. Compra Laborest online Puedes comprar nuestros nutrac\u00e9uticos en cualquier farmacia de Espa\u00f1a. Si no est\u00e1n disponibles, pregunta a tu farmac\u00e9utico y los tendr\u00e1s en 24 horas. Tambi\u00e9n puedes comprarlos online. COMPRA ONLINE\" \/>\n<meta property=\"og:url\" content=\"https:\/\/laborest.com\/es\/donde-comprar\/\" \/>\n<meta property=\"og:site_name\" content=\"Laborest\" \/>\n<meta property=\"article:publisher\" content=\"https:\/\/www.facebook.com\/LaborestItalia\/\" \/>\n<meta property=\"article:modified_time\" content=\"2025-07-22T13:43:58+00:00\" \/>\n<meta name=\"twitter:card\" content=\"summary_large_image\" \/>\n<meta name=\"twitter:label1\" content=\"Tiempo de lectura\" \/>\n\t<meta name=\"twitter:data1\" content=\"1 minuto\" \/>\n<script type=\"application\/ld+json\" class=\"yoast-schema-graph\">{\"@context\":\"https:\/\/schema.org\",\"@graph\":[{\"@type\":\"WebPage\",\"@id\":\"https:\/\/laborest.com\/es\/donde-comprar\/\",\"url\":\"https:\/\/laborest.com\/es\/donde-comprar\/\",\"name\":\"D\u00f3nde comprar - Laborest\",\"isPartOf\":{\"@id\":\"https:\/\/laborest.com\/es\/#website\"},\"datePublished\":\"2025-02-07T16:18:48+00:00\",\"dateModified\":\"2025-07-22T13:43:58+00:00\",\"breadcrumb\":{\"@id\":\"https:\/\/laborest.com\/es\/donde-comprar\/#breadcrumb\"},\"inLanguage\":\"es\",\"potentialAction\":[{\"@type\":\"ReadAction\",\"target\":[\"https:\/\/laborest.com\/es\/donde-comprar\/\"]}]},{\"@type\":\"BreadcrumbList\",\"@id\":\"https:\/\/laborest.com\/es\/donde-comprar\/#breadcrumb\",\"itemListElement\":[{\"@type\":\"ListItem\",\"position\":1,\"name\":\"Portada\",\"item\":\"https:\/\/laborest.com\/es\/\"},{\"@type\":\"ListItem\",\"position\":2,\"name\":\"D\u00f3nde comprar\"}]},{\"@type\":\"WebSite\",\"@id\":\"https:\/\/laborest.com\/es\/#website\",\"url\":\"https:\/\/laborest.com\/es\/\",\"name\":\"Laborest\",\"description\":\"\",\"publisher\":{\"@id\":\"https:\/\/laborest.com\/es\/#organization\"},\"potentialAction\":[{\"@type\":\"SearchAction\",\"target\":{\"@type\":\"EntryPoint\",\"urlTemplate\":\"https:\/\/laborest.com\/es\/?s={search_term_string}\"},\"query-input\":{\"@type\":\"PropertyValueSpecification\",\"valueRequired\":true,\"valueName\":\"search_term_string\"}}],\"inLanguage\":\"es\"},{\"@type\":\"Organization\",\"@id\":\"https:\/\/laborest.com\/es\/#organization\",\"name\":\"Laborest\",\"url\":\"https:\/\/laborest.com\/es\/\",\"logo\":{\"@type\":\"ImageObject\",\"inLanguage\":\"es\",\"@id\":\"https:\/\/laborest.com\/es\/#\/schema\/logo\/image\/\",\"url\":\"https:\/\/laborest.com\/wp-content\/uploads\/2024\/04\/logo.svg\",\"contentUrl\":\"https:\/\/laborest.com\/wp-content\/uploads\/2024\/04\/logo.svg\",\"width\":260,\"height\":49,\"caption\":\"Laborest\"},\"image\":{\"@id\":\"https:\/\/laborest.com\/es\/#\/schema\/logo\/image\/\"},\"sameAs\":[\"https:\/\/www.facebook.com\/LaborestItalia\/\",\"https:\/\/it.linkedin.com\/showcase\/laborest-italia-spa\/\"]}]}<\/script>\n<!-- \/ Yoast SEO plugin. -->","yoast_head_json":{"title":"D\u00f3nde comprar - Laborest","robots":{"index":"index","follow":"follow","max-snippet":"max-snippet:-1","max-image-preview":"max-image-preview:large","max-video-preview":"max-video-preview:-1"},"canonical":"https:\/\/laborest.com\/es\/donde-comprar\/","og_locale":"es_ES","og_type":"article","og_title":"D\u00f3nde comprar - Laborest","og_description":"Localizador de farmacias Descubra nuestra gama de productos Laborest en su farmacia m\u00e1s cercana introduciendo su direcci\u00f3n o c\u00f3digo postal a continuaci\u00f3n. Compra Laborest online Puedes comprar nuestros nutrac\u00e9uticos en cualquier farmacia de Espa\u00f1a. Si no est\u00e1n disponibles, pregunta a tu farmac\u00e9utico y los tendr\u00e1s en 24 horas. Tambi\u00e9n puedes comprarlos online. COMPRA ONLINE","og_url":"https:\/\/laborest.com\/es\/donde-comprar\/","og_site_name":"Laborest","article_publisher":"https:\/\/www.facebook.com\/LaborestItalia\/","article_modified_time":"2025-07-22T13:43:58+00:00","twitter_card":"summary_large_image","twitter_misc":{"Tiempo de lectura":"1 minuto"},"schema":{"@context":"https:\/\/schema.org","@graph":[{"@type":"WebPage","@id":"https:\/\/laborest.com\/es\/donde-comprar\/","url":"https:\/\/laborest.com\/es\/donde-comprar\/","name":"D\u00f3nde comprar - Laborest","isPartOf":{"@id":"https:\/\/laborest.com\/es\/#website"},"datePublished":"2025-02-07T16:18:48+00:00","dateModified":"2025-07-22T13:43:58+00:00","breadcrumb":{"@id":"https:\/\/laborest.com\/es\/donde-comprar\/#breadcrumb"},"inLanguage":"es","potentialAction":[{"@type":"ReadAction","target":["https:\/\/laborest.com\/es\/donde-comprar\/"]}]},{"@type":"BreadcrumbList","@id":"https:\/\/laborest.com\/es\/donde-comprar\/#breadcrumb","itemListElement":[{"@type":"ListItem","position":1,"name":"Portada","item":"https:\/\/laborest.com\/es\/"},{"@type":"ListItem","position":2,"name":"D\u00f3nde comprar"}]},{"@type":"WebSite","@id":"https:\/\/laborest.com\/es\/#website","url":"https:\/\/laborest.com\/es\/","name":"Laborest","description":"","publisher":{"@id":"https:\/\/laborest.com\/es\/#organization"},"potentialAction":[{"@type":"SearchAction","target":{"@type":"EntryPoint","urlTemplate":"https:\/\/laborest.com\/es\/?s={search_term_string}"},"query-input":{"@type":"PropertyValueSpecification","valueRequired":true,"valueName":"search_term_string"}}],"inLanguage":"es"},{"@type":"Organization","@id":"https:\/\/laborest.com\/es\/#organization","name":"Laborest","url":"https:\/\/laborest.com\/es\/","logo":{"@type":"ImageObject","inLanguage":"es","@id":"https:\/\/laborest.com\/es\/#\/schema\/logo\/image\/","url":"https:\/\/laborest.com\/wp-content\/uploads\/2024\/04\/logo.svg","contentUrl":"https:\/\/laborest.com\/wp-content\/uploads\/2024\/04\/logo.svg","width":260,"height":49,"caption":"Laborest"},"image":{"@id":"https:\/\/laborest.com\/es\/#\/schema\/logo\/image\/"},"sameAs":["https:\/\/www.facebook.com\/LaborestItalia\/","https:\/\/it.linkedin.com\/showcase\/laborest-italia-spa\/"]}]}},"_links":{"self":[{"href":"https:\/\/laborest.com\/es\/wp-json\/wp\/v2\/pages\/13071","targetHints":{"allow":["GET"]}}],"collection":[{"href":"https:\/\/laborest.com\/es\/wp-json\/wp\/v2\/pages"}],"about":[{"href":"https:\/\/laborest.com\/es\/wp-json\/wp\/v2\/types\/page"}],"author":[{"embeddable":true,"href":"https:\/\/laborest.com\/es\/wp-json\/wp\/v2\/users\/1"}],"replies":[{"embeddable":true,"href":"https:\/\/laborest.com\/es\/wp-json\/wp\/v2\/comments?post=13071"}],"version-history":[{"count":10,"href":"https:\/\/laborest.com\/es\/wp-json\/wp\/v2\/pages\/13071\/revisions"}],"predecessor-version":[{"id":14540,"href":"https:\/\/laborest.com\/es\/wp-json\/wp\/v2\/pages\/13071\/revisions\/14540"}],"wp:attachment":[{"href":"https:\/\/laborest.com\/es\/wp-json\/wp\/v2\/media?parent=13071"}],"curies":[{"name":"wp","href":"https:\/\/api.w.org\/{rel}","templated":true}]}}